{"id":2673,"date":"2020-06-17T11:15:40","date_gmt":"2020-06-17T09:15:40","guid":{"rendered":"https:\/\/www.kb-hein.de\/services\/trainings-and-seminars\/toolmaking-and-production-for-injection-moulding\/"},"modified":"2020-07-06T07:38:44","modified_gmt":"2020-07-06T05:38:44","slug":"toolmaking-and-production-for-injection-moulding","status":"publish","type":"page","link":"https:\/\/www.kb-hein.de\/en\/workshops-and-trainings\/toolmaking-and-production-for-injection-moulding\/","title":{"rendered":"Toolmaking and production for injection moulding"},"content":{"rendered":"\n<style type=\"text\/css\" data-created_by=\"avia_inline_auto\" id=\"style-css-av-k52j97qi-3c9015cf3e4d40eee4c0232073722798\">\n.avia-section.av-k52j97qi-3c9015cf3e4d40eee4c0232073722798{\nbackground-repeat:no-repeat;\nbackground-image:url(https:\/\/www.kb-hein.de\/wp-content\/uploads\/2020\/06\/R_Hein_Schulung.jpg);\nbackground-position:50% 50%;\nbackground-attachment:scroll;\n}\n<\/style>\n<div id='av_section_1'  class='avia-section av-k52j97qi-3c9015cf3e4d40eee4c0232073722798 main_color avia-section-default avia-no-border-styling  avia-builder-el-0  el_before_av_section  avia-builder-el-first  avia-full-stretch avia-bg-style-scroll av-minimum-height av-minimum-height-75 av-height-75  container_wrap fullsize'  data-section-bg-repeat='stretch' data-av_minimum_height_pc='75' data-av_min_height_opt='75'><div class='container av-section-cont-open' ><main  role=\"main\" itemprop=\"mainContentOfPage\"  class='template-page content  av-content-full alpha units'><div class='post-entry post-entry-type-page post-entry-2673'><div class='entry-content-wrapper clearfix'>\n<\/div><\/div><\/main><!-- close content main element --><\/div><\/div><div id='introtext' aria-label='introtext' class='avia-section av-k52jl4ge-429e12b599115a5ed80fe31687b21c5f main_color avia-section-default avia-no-border-styling  avia-builder-el-1  el_after_av_section  el_before_av_section  avia-bg-style-scroll container_wrap fullsize'  ><div class='container av-section-cont-open' ><div class='template-page content  av-content-full alpha units'><div class='post-entry post-entry-type-page post-entry-2673'><div class='entry-content-wrapper clearfix'>\n\n<style type=\"text\/css\" data-created_by=\"avia_inline_auto\" id=\"style-css-av-1l8tt-cc128656fe28c1e62e5fc244f6a8d564\">\n.flex_column.av-1l8tt-cc128656fe28c1e62e5fc244f6a8d564{\nborder-radius:0px 0px 0px 0px;\npadding:0px 0px 0px 0px;\n}\n<\/style>\n<div  class='flex_column av-1l8tt-cc128656fe28c1e62e5fc244f6a8d564 av_one_fifth  avia-builder-el-2  el_before_av_three_fifth  avia-builder-el-first  first flex_column_div av-zero-column-padding  '     ><\/div>\n<style type=\"text\/css\" data-created_by=\"avia_inline_auto\" id=\"style-css-av-k52jaure-06d850e67d301bf439ef4e6baca9860a\">\n@keyframes av_boxShadowEffect_av-k52jaure-06d850e67d301bf439ef4e6baca9860a-column {\n0%   { box-shadow:  0 0 0 0 #c4c4c4c4; opacity: 1; }\n100% { box-shadow:  0 0 10px 0 #c4c4c4c4; opacity: 1; }\n}\n.flex_column.av-k52jaure-06d850e67d301bf439ef4e6baca9860a{\nbox-shadow: 0 0 10px 0 #c4c4c4c4;\nborder-radius:0px 0px 0px 0px;\npadding:45px 45px 45px 45px;\nbackground-color:#ffffff;\n}\n<\/style>\n<div  class='flex_column av-k52jaure-06d850e67d301bf439ef4e6baca9860a av_three_fifth  avia-builder-el-3  el_after_av_one_fifth  el_before_av_one_fifth  flex_column_div shadow-not-animated  '     ><p>\n<style type=\"text\/css\" data-created_by=\"avia_inline_auto\" id=\"style-css-av-kbc17aru-1684a71b06426f563558c617cfa55c09\">\n#top .hr.hr-invisible.av-kbc17aru-1684a71b06426f563558c617cfa55c09{\nheight:10px;\n}\n<\/style>\n<div  class='hr av-kbc17aru-1684a71b06426f563558c617cfa55c09 hr-invisible  avia-builder-el-4  el_before_av_textblock  avia-builder-el-first '><span class='hr-inner '><span class=\"hr-inner-style\"><\/span><\/span><\/div><br \/>\n<section  class='av_textblock_section av-k52jbifh-b708236ebc59ee08a7b298a15d53ceb9 '   itemscope=\"itemscope\" itemtype=\"https:\/\/schema.org\/CreativeWork\" ><div class='avia_textblock'  itemprop=\"text\" ><h1 style=\"text-align: center;\">Werkzeugbau und Produktion f\u00fcr den Spritzguss<\/h1>\n<\/div><\/section><br \/>\n\n<style type=\"text\/css\" data-created_by=\"avia_inline_auto\" id=\"style-css-av-kbc17aru-4d00cdd35602618f12ad482cd8f49380\">\n#top .hr.hr-invisible.av-kbc17aru-4d00cdd35602618f12ad482cd8f49380{\nheight:15px;\n}\n<\/style>\n<div  class='hr av-kbc17aru-4d00cdd35602618f12ad482cd8f49380 hr-invisible  avia-builder-el-6  el_after_av_textblock  avia-builder-el-last '><span class='hr-inner '><span class=\"hr-inner-style\"><\/span><\/span><\/div><\/p><\/div>\n<style type=\"text\/css\" data-created_by=\"avia_inline_auto\" id=\"style-css-av-zq7p-5b347ba09bcef4c22d492884fb5682aa\">\n.flex_column.av-zq7p-5b347ba09bcef4c22d492884fb5682aa{\nborder-radius:0px 0px 0px 0px;\npadding:0px 0px 0px 0px;\n}\n<\/style>\n<div  class='flex_column av-zq7p-5b347ba09bcef4c22d492884fb5682aa av_one_fifth  avia-builder-el-7  el_after_av_three_fifth  avia-builder-el-last  flex_column_div av-zero-column-padding  '     ><\/div>\n\n<\/div><\/div><\/div><!-- close content main div --><\/div><\/div>\n<style type=\"text\/css\" data-created_by=\"avia_inline_auto\" id=\"style-css-av-1eow2r-2a250f4d6f77fe14df3c0455fb5ee569\">\n.avia-section.av-1eow2r-2a250f4d6f77fe14df3c0455fb5ee569{\nbackground-color:#ffffff;\nbackground-image:unset;\n}\n<\/style>\n<div id='av_section_3'  class='avia-section av-1eow2r-2a250f4d6f77fe14df3c0455fb5ee569 main_color avia-section-default avia-no-border-styling  avia-builder-el-8  el_after_av_section  el_before_av_layout_row  avia-bg-style-scroll container_wrap fullsize'  ><div class='container av-section-cont-open' ><div class='template-page content  av-content-full alpha units'><div class='post-entry post-entry-type-page post-entry-2673'><div class='entry-content-wrapper clearfix'>\n<div class='flex_column_table av-k52c6bmi-16dd4ff3c8fc7908c264d0175fd16a5e sc-av_one_third av-equal-height-column-flextable'>\n<style type=\"text\/css\" data-created_by=\"avia_inline_auto\" id=\"style-css-av-k52c6bmi-16dd4ff3c8fc7908c264d0175fd16a5e\">\n@keyframes av_boxShadowEffect_av-k52c6bmi-16dd4ff3c8fc7908c264d0175fd16a5e-column {\n0%   { box-shadow:  0 0 0 0 #c4c4c4; opacity: 1; }\n100% { box-shadow:  0 0 10px 0 #c4c4c4; opacity: 1; }\n}\n.flex_column.av-k52c6bmi-16dd4ff3c8fc7908c264d0175fd16a5e{\nbox-shadow: 0 0 10px 0 #c4c4c4;\nborder-radius:0px 0px 0px 0px;\npadding:45px 45px 45px 25px;\nbackground-color:#ffffff;\n}\n<\/style>\n<div  class='flex_column av-k52c6bmi-16dd4ff3c8fc7908c264d0175fd16a5e av_one_third  avia-builder-el-9  el_before_av_one_third  avia-builder-el-first  first no_margin flex_column_table_cell av-equal-height-column av-align-top shadow-not-animated  '     ><section  class='av_textblock_section av-kbc0gs37-657656b2dca121054e962c8db8dec216 '   itemscope=\"itemscope\" itemtype=\"https:\/\/schema.org\/CreativeWork\" ><div class='avia_textblock'  itemprop=\"text\" ><h4>Themen<\/h4>\n<ul>\n<li>Temperierung und Wasseraufbereitung<\/li>\n<li>Werkzeugkonzepte f\u00fcr eine h\u00f6here Prozesssicherheit und ein gro\u00dfes Prozessfenster<\/li>\n<li>Praxisbeispiele und Werkzeugl\u00f6sungen mit Entformungsbeispielen<\/li>\n<li>Entl\u00fcftungsl\u00f6sungen<\/li>\n<li>Angusstechnik<\/li>\n<li>Werkzeugspezifikationen, Werkzeugkonzeptentwurf<\/li>\n<li>Formdurchbiegungsberechnung<\/li>\n<li>Hei\u00dfkanal \/ Entscheidungshilfen \/ Anwendungen<\/li>\n<li>DOE und Automatisierung im Spritzguss<\/li>\n<\/ul>\n<\/div><\/section><\/div>\n<style type=\"text\/css\" data-created_by=\"avia_inline_auto\" id=\"style-css-av-k52c6bmi-e97d1d1bd8bda66771fe3d2ba50e5733\">\n@keyframes av_boxShadowEffect_av-k52c6bmi-e97d1d1bd8bda66771fe3d2ba50e5733-row {\n0%   { box-shadow:  0 0 0 0 #c4c4c4; opacity: 1; }\n100% { box-shadow:  0 0 10px 0 #c4c4c4; opacity: 1; }\n}\n@keyframes av_boxShadowEffect_av-k52c6bmi-e97d1d1bd8bda66771fe3d2ba50e5733-column {\n0%   { box-shadow:  0 0 0 0 #c4c4c4; opacity: 1; }\n100% { box-shadow:  0 0 10px 0 #c4c4c4; opacity: 1; }\n}\n.flex_column_table.av-equal-height-column-flextable.av-k52c6bmi-e97d1d1bd8bda66771fe3d2ba50e5733{\nbox-shadow: 0 0 10px 0 #c4c4c4;\n}\n.flex_column.av-k52c6bmi-e97d1d1bd8bda66771fe3d2ba50e5733{\ntransform:scale(1.1);\nz-index:5;\nbox-shadow: 0 0 10px 0 #c4c4c4;\nborder-radius:0px 0px 0px 0px;\npadding:25px 25px 25px 25px;\nbackground-color:#ffffff;\n}\n<\/style>\n<div  class='flex_column av-k52c6bmi-e97d1d1bd8bda66771fe3d2ba50e5733 av_one_third  avia-builder-el-11  el_after_av_one_third  el_before_av_one_third  no_margin flex_column_table_cell av-equal-height-column av-align-top shadow-not-animated  '     ><style type=\"text\/css\" data-created_by=\"avia_inline_auto\" id=\"style-css-av-64l5h-65fa67cb8f0aa1a549c92d16cb9aa3f0\">\n#top .av_textblock_section.av-64l5h-65fa67cb8f0aa1a549c92d16cb9aa3f0 .avia_textblock{\ncolor:#023578;\n}\n<\/style>\n<section  class='av_textblock_section av-64l5h-65fa67cb8f0aa1a549c92d16cb9aa3f0 '   itemscope=\"itemscope\" itemtype=\"https:\/\/schema.org\/CreativeWork\" ><div class='avia_textblock av_inherit_color'  itemprop=\"text\" ><p><span style=\"color: #000000;\"><strong>Allgemeines<\/strong><\/span><\/p>\n<p><span style=\"color: #000000;\">Der Werkzeugbau kann mit h\u00f6chster Pr\u00e4zision und mit innovativen Herstellverfahren aufwarten. In der Spritzgussfertigung und im Technikum sollte mit einem m\u00f6glichst gro\u00dfen Verarbeitungsfenster eine prozesssichere Fertigung erm\u00f6glicht werden.<\/span><\/p>\n<p><span style=\"color: #000000;\">Die Veranstaltung Werkzeugbau und Produktion f\u00fcr den Spritzguss gibt einen \u00dcberblick \u00fcber die Aspekte, die bei der Konstruktion und in der Fertigung beachtet werden sollten und weist auf oft vorkommende ung\u00fcnstige L\u00f6sungen hin, die ein gutes Ergebnis verhindern. Diese Probleme sollte der Produktentwickler\/ Werkzeugmacher\/ Spritzgie\u00dfer kennen, um vorab alle Themen zu bedenken oder auf dieser Grundlage qualifizierte Fragen zu stellen und so Fehler und ung\u00fcnstige L\u00f6sungen zu vermeiden.<\/span><\/p>\n<\/div><\/section><\/div>\n<style type=\"text\/css\" data-created_by=\"avia_inline_auto\" id=\"style-css-av-k52c6bmi-3f09d543c488834258953b45000cad4a\">\n@keyframes av_boxShadowEffect_av-k52c6bmi-3f09d543c488834258953b45000cad4a-row {\n0%   { box-shadow:  0 0 0 0 #c4c4c4; opacity: 1; }\n100% { box-shadow:  0 0 10px 0 #c4c4c4; opacity: 1; }\n}\n@keyframes av_boxShadowEffect_av-k52c6bmi-3f09d543c488834258953b45000cad4a-column {\n0%   { box-shadow:  0 0 0 0 #c4c4c4; opacity: 1; }\n100% { box-shadow:  0 0 10px 0 #c4c4c4; opacity: 1; }\n}\n.flex_column_table.av-equal-height-column-flextable.av-k52c6bmi-3f09d543c488834258953b45000cad4a{\nbox-shadow: 0 0 10px 0 #c4c4c4;\n}\n.flex_column.av-k52c6bmi-3f09d543c488834258953b45000cad4a{\nbox-shadow: 0 0 10px 0 #c4c4c4;\nborder-radius:0px 0px 0px 0px;\npadding:45px 25px 45px 45px;\nbackground-color:#ffffff;\n}\n<\/style>\n<div  class='flex_column av-k52c6bmi-3f09d543c488834258953b45000cad4a av_one_third  avia-builder-el-13  el_after_av_one_third  el_before_av_hr  no_margin flex_column_table_cell av-equal-height-column av-align-top shadow-not-animated  '     ><style type=\"text\/css\" data-created_by=\"avia_inline_auto\" id=\"style-css-av-64l5h-65fa67cb8f0aa1a549c92d16cb9aa3f0\">\n#top .av_textblock_section.av-64l5h-65fa67cb8f0aa1a549c92d16cb9aa3f0 .avia_textblock{\ncolor:#023578;\n}\n<\/style>\n<section  class='av_textblock_section av-64l5h-65fa67cb8f0aa1a549c92d16cb9aa3f0 '   itemscope=\"itemscope\" itemtype=\"https:\/\/schema.org\/CreativeWork\" ><div class='avia_textblock av_inherit_color'  itemprop=\"text\" ><h4><span style=\"color: #000000;\">Zielgruppe<\/span><\/h4>\n<p><span style=\"color: #000000;\">Konstrukteure \/ Produktentwickler \/ Key Account Manager \/ Technische Eink\u00e4ufer \/ Abteilungsleiter f\u00fcr Produktentwicklung \/ Abteilungsleiter Konstruktion \/ Spritzereileiter \/ Meister \/ Schichtf\u00fchrer \/ Prozess-Entwickler \/ AV-Spritzguss \/ Qualit\u00e4tspr\u00fcfung Spritzguss \/ Einrichter Spritzguss \/ Prozessoptimierer \/ Ingenieure der Prozessentwicklung \/ Werkzeugentwickler<\/span><\/p>\n<\/div><\/section><\/div><\/div><!--close column table wrapper. Autoclose: 1 -->\n<style type=\"text\/css\" data-created_by=\"avia_inline_auto\" id=\"style-css-av-k52f9g05-4a6229e7afdb2f45fd764c9bfcc555b5\">\n#top .hr.hr-invisible.av-k52f9g05-4a6229e7afdb2f45fd764c9bfcc555b5{\nheight:100px;\n}\n<\/style>\n<div  class='hr av-k52f9g05-4a6229e7afdb2f45fd764c9bfcc555b5 hr-invisible  avia-builder-el-15  el_after_av_one_third  avia-builder-el-last '><span class='hr-inner '><span class=\"hr-inner-style\"><\/span><\/span><\/div>\n\n<\/div><\/div><\/div><!-- close content main div --><\/div><\/div><div id='av-layout-grid-1'  class='av-layout-grid-container av-qk351-18b762098d9c99a7289475f55236bf61 entry-content-wrapper main_color av-flex-cells  avia-builder-el-16  el_after_av_section  avia-builder-el-last  grid-row-not-first  container_wrap fullsize'  >\n<div class='flex_cell av-kxzod-6f094c84342aeed341fec4fecc4407f2 av-gridrow-cell av_one_full no_margin  avia-builder-el-17  avia-builder-el-no-sibling '  ><div class='flex_cell_inner'><p>\n<style type=\"text\/css\" data-created_by=\"avia_inline_auto\" id=\"style-css-av-kb91cd3v-706d32378965bb456a1be009750a331f\">\n#top .hr.hr-invisible.av-kb91cd3v-706d32378965bb456a1be009750a331f{\nheight:25px;\n}\n<\/style>\n<div  class='hr av-kb91cd3v-706d32378965bb456a1be009750a331f hr-invisible  avia-builder-el-18  el_before_av_one_fifth  avia-builder-el-first '><span class='hr-inner '><span class=\"hr-inner-style\"><\/span><\/span><\/div><br \/>\n\n<style type=\"text\/css\" data-created_by=\"avia_inline_auto\" id=\"style-css-av-g2kv1-3d19034a9f8f19bc06e3bd447eb1d919\">\n.flex_column.av-g2kv1-3d19034a9f8f19bc06e3bd447eb1d919{\nborder-radius:0px 0px 0px 0px;\npadding:0px 0px 0px 0px;\n}\n<\/style>\n<div  class='flex_column av-g2kv1-3d19034a9f8f19bc06e3bd447eb1d919 av_one_fifth  avia-builder-el-19  el_after_av_hr  el_before_av_three_fourth  first flex_column_div av-zero-column-padding  '     ><style type=\"text\/css\" data-created_by=\"avia_inline_auto\" id=\"style-css-av-1be5m7-af996dea5c105cd3b69eb40ee2a44e54\">\n.avia-image-container.av-1be5m7-af996dea5c105cd3b69eb40ee2a44e54 img.avia_image{\nbox-shadow:none;\n}\n.avia-image-container.av-1be5m7-af996dea5c105cd3b69eb40ee2a44e54 .av-image-caption-overlay-center{\ncolor:#ffffff;\n}\n<\/style>\n<div  class='avia-image-container av-1be5m7-af996dea5c105cd3b69eb40ee2a44e54 av-styling- avia-align-center  avia-builder-el-20  avia-builder-el-no-sibling '   itemprop=\"image\" itemscope=\"itemscope\" itemtype=\"https:\/\/schema.org\/ImageObject\" ><div class=\"avia-image-container-inner\"><div class=\"avia-image-overlay-wrap\"><img decoding=\"async\" fetchpriority=\"high\" class='wp-image-2709 avia-img-lazy-loading-not-2709 avia_image ' src=\"https:\/\/www.kb-hein.de\/wp-content\/uploads\/2020\/01\/kb-hein-logo-figur-180x180.png\" alt='' title='component-optimization-hein-logo'  height=\"180\" width=\"180\"  itemprop=\"thumbnailUrl\" srcset=\"https:\/\/www.kb-hein.de\/wp-content\/uploads\/2020\/01\/kb-hein-logo-figur-180x180.png 180w, https:\/\/www.kb-hein.de\/wp-content\/uploads\/2020\/01\/kb-hein-logo-figur-80x80.png 80w, https:\/\/www.kb-hein.de\/wp-content\/uploads\/2020\/01\/kb-hein-logo-figur-36x36.png 36w\" sizes=\"(max-width: 180px) 100vw, 180px\" \/><\/div><\/div><\/div><\/div>\n<style type=\"text\/css\" data-created_by=\"avia_inline_auto\" id=\"style-css-av-b96kt-884ef8f4888c8fee2dcfd78f900e790a\">\n.flex_column.av-b96kt-884ef8f4888c8fee2dcfd78f900e790a{\nborder-radius:0px 0px 0px 0px;\npadding:0px 0px 0px 0px;\n}\n<\/style>\n<div  class='flex_column av-b96kt-884ef8f4888c8fee2dcfd78f900e790a av_three_fourth  avia-builder-el-21  el_after_av_one_fifth  el_before_av_hr  flex_column_div av-zero-column-padding  '     ><div  class='av_promobox av-kb90lauk-62cd4bb437aa06398f80363d98285e32 avia-button-yes  avia-builder-el-22  avia-builder-el-no-sibling '><div class='avia-promocontent'><\/p>\n<h2><strong>Kontakt<\/strong><\/h2>\n<p>Bei Interesse oder Fragen zu unseren Schulungs- und Seminarangeboten, kontaktieren Sie uns bitte.<\/p>\n<p><strong>Gerne sind wir als Ansprechpartner f\u00fcr Sie da!<\/strong><\/p>\n<\/div><div  class='avia-button-wrap av-kb90lauk-fcd4ffd127286e32f24944be89493b41-wrap avia-button-right '><a href='https:\/\/www.kb-hein.de\/en\/contact\/'  class='avia-button av-kb90lauk-fcd4ffd127286e32f24944be89493b41 av-link-btn avia-icon_select-no avia-size-large avia-position-right avia-color-theme-color'  target=\"_blank\"  rel=\"noopener noreferrer\"  aria-label=\"establish contact\"><span class='avia_iconbox_title' >establish contact<\/span><\/a><\/div><\/div><\/div>\n<style type=\"text\/css\" data-created_by=\"avia_inline_auto\" id=\"style-css-av-kb91cd3v-706d32378965bb456a1be009750a331f\">\n#top .hr.hr-invisible.av-kb91cd3v-706d32378965bb456a1be009750a331f{\nheight:25px;\n}\n<\/style>\n<div  class='hr av-kb91cd3v-706d32378965bb456a1be009750a331f hr-invisible  avia-builder-el-23  el_after_av_three_fourth  avia-builder-el-last '><span class='hr-inner '><span class=\"hr-inner-style\"><\/span><\/span><\/div><\/p>\n<\/div><\/div>\n<\/div>\n","protected":false},"excerpt":{"rendered":"","protected":false},"author":4,"featured_media":0,"parent":3634,"menu_order":0,"comment_status":"closed","ping_status":"closed","template":"","meta":{"footnotes":""},"class_list":["post-2673","page","type-page","status-publish","hentry"],"yoast_head":"<!-- This site is optimized with the Yoast SEO plugin v27.3 - https:\/\/yoast.com\/product\/yoast-seo-wordpress\/ -->\n<title>Toolmaking and production for injection moulding - KB Hein<\/title>\n<meta name=\"robots\" content=\"index, follow, max-snippet:-1, max-image-preview:large, max-video-preview:-1\" \/>\n<link rel=\"canonical\" href=\"https:\/\/www.kb-hein.de\/en\/workshops-and-trainings\/toolmaking-and-production-for-injection-moulding\/\" \/>\n<meta property=\"og:locale\" content=\"en_US\" \/>\n<meta property=\"og:type\" content=\"article\" \/>\n<meta property=\"og:title\" content=\"Toolmaking and production for injection moulding - KB Hein\" \/>\n<meta property=\"og:url\" content=\"https:\/\/www.kb-hein.de\/en\/workshops-and-trainings\/toolmaking-and-production-for-injection-moulding\/\" \/>\n<meta property=\"og:site_name\" content=\"KB Hein\" \/>\n<meta property=\"article:modified_time\" content=\"2020-07-06T05:38:44+00:00\" \/>\n<meta name=\"twitter:label1\" content=\"Est. reading time\" \/>\n\t<meta name=\"twitter:data1\" content=\"11 minutes\" \/>\n<script type=\"application\/ld+json\" class=\"yoast-schema-graph\">{\"@context\":\"https:\\\/\\\/schema.org\",\"@graph\":[{\"@type\":\"WebPage\",\"@id\":\"https:\\\/\\\/www.kb-hein.de\\\/en\\\/workshops-and-trainings\\\/toolmaking-and-production-for-injection-moulding\\\/\",\"url\":\"https:\\\/\\\/www.kb-hein.de\\\/en\\\/workshops-and-trainings\\\/toolmaking-and-production-for-injection-moulding\\\/\",\"name\":\"Toolmaking and production for injection moulding - KB Hein\",\"isPartOf\":{\"@id\":\"https:\\\/\\\/www.kb-hein.de\\\/#website\"},\"datePublished\":\"2020-06-17T09:15:40+00:00\",\"dateModified\":\"2020-07-06T05:38:44+00:00\",\"breadcrumb\":{\"@id\":\"https:\\\/\\\/www.kb-hein.de\\\/en\\\/workshops-and-trainings\\\/toolmaking-and-production-for-injection-moulding\\\/#breadcrumb\"},\"inLanguage\":\"en-US\",\"potentialAction\":[{\"@type\":\"ReadAction\",\"target\":[\"https:\\\/\\\/www.kb-hein.de\\\/en\\\/workshops-and-trainings\\\/toolmaking-and-production-for-injection-moulding\\\/\"]}]},{\"@type\":\"BreadcrumbList\",\"@id\":\"https:\\\/\\\/www.kb-hein.de\\\/en\\\/workshops-and-trainings\\\/toolmaking-and-production-for-injection-moulding\\\/#breadcrumb\",\"itemListElement\":[{\"@type\":\"ListItem\",\"position\":1,\"name\":\"Startseite\",\"item\":\"https:\\\/\\\/www.kb-hein.de\\\/en\\\/\"},{\"@type\":\"ListItem\",\"position\":2,\"name\":\"Workshops and trainings\",\"item\":\"https:\\\/\\\/www.kb-hein.de\\\/en\\\/workshops-and-trainings\\\/\"},{\"@type\":\"ListItem\",\"position\":3,\"name\":\"Toolmaking and production for injection moulding\"}]},{\"@type\":\"WebSite\",\"@id\":\"https:\\\/\\\/www.kb-hein.de\\\/#website\",\"url\":\"https:\\\/\\\/www.kb-hein.de\\\/\",\"name\":\"KB Hein\",\"description\":\"\",\"publisher\":{\"@id\":\"https:\\\/\\\/www.kb-hein.de\\\/#organization\"},\"potentialAction\":[{\"@type\":\"SearchAction\",\"target\":{\"@type\":\"EntryPoint\",\"urlTemplate\":\"https:\\\/\\\/www.kb-hein.de\\\/?s={search_term_string}\"},\"query-input\":{\"@type\":\"PropertyValueSpecification\",\"valueRequired\":true,\"valueName\":\"search_term_string\"}}],\"inLanguage\":\"en-US\"},{\"@type\":\"Organization\",\"@id\":\"https:\\\/\\\/www.kb-hein.de\\\/#organization\",\"name\":\"Konstruktionsb\u00fcro Hein GmbH\",\"url\":\"https:\\\/\\\/www.kb-hein.de\\\/\",\"logo\":{\"@type\":\"ImageObject\",\"inLanguage\":\"en-US\",\"@id\":\"https:\\\/\\\/www.kb-hein.de\\\/#\\\/schema\\\/logo\\\/image\\\/\",\"url\":\"https:\\\/\\\/www.kb-hein.de\\\/wp-content\\\/uploads\\\/2020\\\/07\\\/Logo_KB-Hein.jpg\",\"contentUrl\":\"https:\\\/\\\/www.kb-hein.de\\\/wp-content\\\/uploads\\\/2020\\\/07\\\/Logo_KB-Hein.jpg\",\"width\":900,\"height\":900,\"caption\":\"Konstruktionsb\u00fcro Hein GmbH\"},\"image\":{\"@id\":\"https:\\\/\\\/www.kb-hein.de\\\/#\\\/schema\\\/logo\\\/image\\\/\"}}]}<\/script>\n<!-- \/ Yoast SEO plugin. -->","yoast_head_json":{"title":"Toolmaking and production for injection moulding - KB Hein","robots":{"index":"index","follow":"follow","max-snippet":"max-snippet:-1","max-image-preview":"max-image-preview:large","max-video-preview":"max-video-preview:-1"},"canonical":"https:\/\/www.kb-hein.de\/en\/workshops-and-trainings\/toolmaking-and-production-for-injection-moulding\/","og_locale":"en_US","og_type":"article","og_title":"Toolmaking and production for injection moulding - KB Hein","og_url":"https:\/\/www.kb-hein.de\/en\/workshops-and-trainings\/toolmaking-and-production-for-injection-moulding\/","og_site_name":"KB Hein","article_modified_time":"2020-07-06T05:38:44+00:00","twitter_misc":{"Est. reading time":"11 minutes"},"schema":{"@context":"https:\/\/schema.org","@graph":[{"@type":"WebPage","@id":"https:\/\/www.kb-hein.de\/en\/workshops-and-trainings\/toolmaking-and-production-for-injection-moulding\/","url":"https:\/\/www.kb-hein.de\/en\/workshops-and-trainings\/toolmaking-and-production-for-injection-moulding\/","name":"Toolmaking and production for injection moulding - KB Hein","isPartOf":{"@id":"https:\/\/www.kb-hein.de\/#website"},"datePublished":"2020-06-17T09:15:40+00:00","dateModified":"2020-07-06T05:38:44+00:00","breadcrumb":{"@id":"https:\/\/www.kb-hein.de\/en\/workshops-and-trainings\/toolmaking-and-production-for-injection-moulding\/#breadcrumb"},"inLanguage":"en-US","potentialAction":[{"@type":"ReadAction","target":["https:\/\/www.kb-hein.de\/en\/workshops-and-trainings\/toolmaking-and-production-for-injection-moulding\/"]}]},{"@type":"BreadcrumbList","@id":"https:\/\/www.kb-hein.de\/en\/workshops-and-trainings\/toolmaking-and-production-for-injection-moulding\/#breadcrumb","itemListElement":[{"@type":"ListItem","position":1,"name":"Startseite","item":"https:\/\/www.kb-hein.de\/en\/"},{"@type":"ListItem","position":2,"name":"Workshops and trainings","item":"https:\/\/www.kb-hein.de\/en\/workshops-and-trainings\/"},{"@type":"ListItem","position":3,"name":"Toolmaking and production for injection moulding"}]},{"@type":"WebSite","@id":"https:\/\/www.kb-hein.de\/#website","url":"https:\/\/www.kb-hein.de\/","name":"KB Hein","description":"","publisher":{"@id":"https:\/\/www.kb-hein.de\/#organization"},"potentialAction":[{"@type":"SearchAction","target":{"@type":"EntryPoint","urlTemplate":"https:\/\/www.kb-hein.de\/?s={search_term_string}"},"query-input":{"@type":"PropertyValueSpecification","valueRequired":true,"valueName":"search_term_string"}}],"inLanguage":"en-US"},{"@type":"Organization","@id":"https:\/\/www.kb-hein.de\/#organization","name":"Konstruktionsb\u00fcro Hein GmbH","url":"https:\/\/www.kb-hein.de\/","logo":{"@type":"ImageObject","inLanguage":"en-US","@id":"https:\/\/www.kb-hein.de\/#\/schema\/logo\/image\/","url":"https:\/\/www.kb-hein.de\/wp-content\/uploads\/2020\/07\/Logo_KB-Hein.jpg","contentUrl":"https:\/\/www.kb-hein.de\/wp-content\/uploads\/2020\/07\/Logo_KB-Hein.jpg","width":900,"height":900,"caption":"Konstruktionsb\u00fcro Hein GmbH"},"image":{"@id":"https:\/\/www.kb-hein.de\/#\/schema\/logo\/image\/"}}]}},"_links":{"self":[{"href":"https:\/\/www.kb-hein.de\/en\/wp-json\/wp\/v2\/pages\/2673","targetHints":{"allow":["GET"]}}],"collection":[{"href":"https:\/\/www.kb-hein.de\/en\/wp-json\/wp\/v2\/pages"}],"about":[{"href":"https:\/\/www.kb-hein.de\/en\/wp-json\/wp\/v2\/types\/page"}],"author":[{"embeddable":true,"href":"https:\/\/www.kb-hein.de\/en\/wp-json\/wp\/v2\/users\/4"}],"replies":[{"embeddable":true,"href":"https:\/\/www.kb-hein.de\/en\/wp-json\/wp\/v2\/comments?post=2673"}],"version-history":[{"count":5,"href":"https:\/\/www.kb-hein.de\/en\/wp-json\/wp\/v2\/pages\/2673\/revisions"}],"predecessor-version":[{"id":3664,"href":"https:\/\/www.kb-hein.de\/en\/wp-json\/wp\/v2\/pages\/2673\/revisions\/3664"}],"up":[{"embeddable":true,"href":"https:\/\/www.kb-hein.de\/en\/wp-json\/wp\/v2\/pages\/3634"}],"wp:attachment":[{"href":"https:\/\/www.kb-hein.de\/en\/wp-json\/wp\/v2\/media?parent=2673"}],"curies":[{"name":"wp","href":"https:\/\/api.w.org\/{rel}","templated":true}]}}