{"id":4928,"date":"2021-03-19T17:25:30","date_gmt":"2021-03-19T16:25:30","guid":{"rendered":"https:\/\/www.kb-hein.de\/metodo-de-elementos-finitos\/"},"modified":"2021-04-20T20:37:48","modified_gmt":"2021-04-20T18:37:48","slug":"metodo-de-elementos-finitos","status":"publish","type":"page","link":"https:\/\/www.kb-hein.de\/es\/metodo-de-elementos-finitos\/","title":{"rendered":"M\u00e9todo de elementos finitos"},"content":{"rendered":"\n<style type=\"text\/css\" data-created_by=\"avia_inline_auto\" id=\"style-css-av-k52j97qi-1c490b28dd0c51568a12f191c7bf30d8\">\n.avia-section.av-k52j97qi-1c490b28dd0c51568a12f191c7bf30d8{\nbackground-repeat:no-repeat;\nbackground-image:url(https:\/\/www.kb-hein.de\/wp-content\/uploads\/2020\/04\/Titelbild-FEM.png);\nbackground-position:50% 50%;\nbackground-attachment:scroll;\n}\n<\/style>\n<div id='av_section_1'  class='avia-section av-k52j97qi-1c490b28dd0c51568a12f191c7bf30d8 main_color avia-section-default avia-no-border-styling  avia-builder-el-0  el_before_av_section  avia-builder-el-first  avia-full-stretch avia-bg-style-scroll av-minimum-height av-minimum-height-75 av-height-75  container_wrap fullsize'  data-section-bg-repeat='stretch' data-av_minimum_height_pc='75' data-av_min_height_opt='75'><div class='container av-section-cont-open' ><main  role=\"main\" itemprop=\"mainContentOfPage\"  class='template-page content  av-content-full alpha units'><div class='post-entry post-entry-type-page post-entry-4928'><div class='entry-content-wrapper clearfix'>\n<\/div><\/div><\/main><!-- close content main element --><\/div><\/div>\n<style type=\"text\/css\" data-created_by=\"avia_inline_auto\" id=\"style-css-av-k52jl4ge-7382c956e0bba7483836d71ed1798cca\">\n.avia-section.av-k52jl4ge-7382c956e0bba7483836d71ed1798cca{\nbackground-color:#ffffff;\nbackground:linear-gradient( to bottom, #ffffff, #ffffff );\n}\n<\/style>\n<div id='introtext' aria-label='introtext' class='avia-section av-k52jl4ge-7382c956e0bba7483836d71ed1798cca main_color avia-section-default avia-no-border-styling  avia-builder-el-1  el_after_av_section  el_before_av_layout_row  avia-bg-style-scroll container_wrap fullsize'  ><div class='container av-section-cont-open' ><div class='template-page content  av-content-full alpha units'><div class='post-entry post-entry-type-page post-entry-4928'><div class='entry-content-wrapper clearfix'>\n\n<style type=\"text\/css\" data-created_by=\"avia_inline_auto\" id=\"style-css-av-1l8tt-a4041164524fa4e2baf8ee915bd692f7\">\n.flex_column.av-1l8tt-a4041164524fa4e2baf8ee915bd692f7{\nborder-radius:0px 0px 0px 0px;\npadding:0px 0px 0px 0px;\n}\n<\/style>\n<div  class='flex_column av-1l8tt-a4041164524fa4e2baf8ee915bd692f7 av_one_fifth  avia-builder-el-2  el_before_av_three_fifth  avia-builder-el-first  first av-break-at-tablet flex_column_div av-zero-column-padding  '     ><\/div>\n<style type=\"text\/css\" data-created_by=\"avia_inline_auto\" id=\"style-css-av-k52jaure-06d850e67d301bf439ef4e6baca9860a\">\n@keyframes av_boxShadowEffect_av-k52jaure-06d850e67d301bf439ef4e6baca9860a-column {\n0%   { box-shadow:  0 0 0 0 #c4c4c4c4; opacity: 1; }\n100% { box-shadow:  0 0 10px 0 #c4c4c4c4; opacity: 1; }\n}\n.flex_column.av-k52jaure-06d850e67d301bf439ef4e6baca9860a{\nbox-shadow: 0 0 10px 0 #c4c4c4c4;\nborder-radius:0px 0px 0px 0px;\npadding:45px 45px 45px 45px;\nbackground-color:#ffffff;\n}\n<\/style>\n<div  class='flex_column av-k52jaure-06d850e67d301bf439ef4e6baca9860a av_three_fifth  avia-builder-el-3  el_after_av_one_fifth  el_before_av_one_fifth  av-break-at-tablet flex_column_div shadow-not-animated  '     ><section  class='av_textblock_section av-k52jbb31-1c37b0e5613981239456d47ceccb9587 '   itemscope=\"itemscope\" itemtype=\"https:\/\/schema.org\/CreativeWork\" ><div class='avia_textblock'  itemprop=\"text\" ><h5 lang=\"es-ES\" style=\"text-align: center;\">Simulado y no probado<\/h5>\n<\/div><\/section><br \/>\n\n<style type=\"text\/css\" data-created_by=\"avia_inline_auto\" id=\"style-css-av-knqdbtow-1456e5781f7cbe8b362c17be733d941b\">\n#top .hr.hr-invisible.av-knqdbtow-1456e5781f7cbe8b362c17be733d941b{\nheight:15px;\n}\n<\/style>\n<div  class='hr av-knqdbtow-1456e5781f7cbe8b362c17be733d941b hr-invisible  avia-builder-el-5  el_after_av_textblock  el_before_av_textblock '><span class='hr-inner '><span class=\"hr-inner-style\"><\/span><\/span><\/div><br \/>\n<section  class='av_textblock_section av-k52jbifh-b708236ebc59ee08a7b298a15d53ceb9 '   itemscope=\"itemscope\" itemtype=\"https:\/\/schema.org\/CreativeWork\" ><div class='avia_textblock'  itemprop=\"text\" ><h1 lang=\"es-ES\" style=\"text-align: center;\"><span style=\"color: #023578;\">M\u00e9todo de elementos finitos<\/span><\/h1>\n<\/div><\/section><br \/>\n\n<style type=\"text\/css\" data-created_by=\"avia_inline_auto\" id=\"style-css-av-k52jbysk-cb942a803119e8214e766e2a85cd0a18\">\n#top .av_textblock_section.av-k52jbysk-cb942a803119e8214e766e2a85cd0a18 .avia_textblock{\ncolor:#023578;\n}\n<\/style>\n<section  class='av_textblock_section av-k52jbysk-cb942a803119e8214e766e2a85cd0a18 '   itemscope=\"itemscope\" itemtype=\"https:\/\/schema.org\/CreativeWork\" ><div class='avia_textblock av_inherit_color'  itemprop=\"text\" ><h4 lang=\"es-ES\" style=\"text-align: center;\"><span style=\"color: #000000;\">\u00bfQu\u00e9 es el m\u00e9todo de elementos finitos?<\/span><\/h4>\n<p lang=\"es-ES\" style=\"text-align: center;\"><span style=\"color: #000000;\">El m\u00e9todo de elementos finitos (MEF) es un m\u00e9todo de c\u00e1lculo utilizado en los trabajos de ingenier\u00eda que, a trav\u00e9s de su aplicaci\u00f3n en el desarrollo de productos, revela un importante potencial de optimizaci\u00f3n y puede demostrar mejoras.<\/span><\/p>\n<p lang=\"es-ES\" style=\"text-align: center;\"><span style=\"color: #000000;\">Las propiedades de los componentes (p. ej. la resistencia, la ac\u00fastica, la din\u00e1mica) pueden investigarse y analizarse en gran medida antes de su fabricaci\u00f3n.<\/span><\/p>\n<p lang=\"es-ES\" style=\"text-align: center;\"><span style=\"color: #000000;\">Las comprobaciones de colisi\u00f3n se llevan a cabo mediante secuencias de movimiento y posteriormente se prueban de forma emp\u00edrica.<\/span><\/p>\n<p lang=\"es-ES\" style=\"text-align: center;\"><span style=\"color: #000000;\">Para llevar a cabo el c\u00e1lculo MEF se necesitan datos 3D del componente, definiciones de carga (\u00bfd\u00f3nde se producen qu\u00e9 fuerzas?) y una curva tensi\u00f3n-deformaci\u00f3n del material.<\/span><\/p>\n<\/div><\/section><\/p><\/div>\n<style type=\"text\/css\" data-created_by=\"avia_inline_auto\" id=\"style-css-av-zq7p-5b347ba09bcef4c22d492884fb5682aa\">\n.flex_column.av-zq7p-5b347ba09bcef4c22d492884fb5682aa{\nborder-radius:0px 0px 0px 0px;\npadding:0px 0px 0px 0px;\n}\n<\/style>\n<div  class='flex_column av-zq7p-5b347ba09bcef4c22d492884fb5682aa av_one_fifth  avia-builder-el-8  el_after_av_three_fifth  avia-builder-el-last  av-break-at-tablet flex_column_div av-zero-column-padding  '     ><\/div><\/div><\/div><\/div><!-- close content main div --><\/div><\/div><div id='av-layout-grid-1'  class='av-layout-grid-container av-87j81-6307ec9529540e517137549342042873 entry-content-wrapper main_color av-border-cells av-flex-cells  avia-builder-el-9  el_after_av_section  el_before_av_layout_row  grid-row-not-first  container_wrap fullsize'  >\n\n<style type=\"text\/css\" data-created_by=\"avia_inline_auto\" id=\"style-css-av-7jqid-bc2bc84c7a5b52b398583f969f77aab8\">\n.flex_cell.av-7jqid-bc2bc84c7a5b52b398583f969f77aab8{\nvertical-align:middle;\nbackground-color:rgba(0,0,0,0.02);\n}\n.responsive #top #wrap_all .flex_cell.av-7jqid-bc2bc84c7a5b52b398583f969f77aab8{\npadding:60px 60px 60px 60px !important;\n}\n<\/style>\n<div class='flex_cell av-7jqid-bc2bc84c7a5b52b398583f969f77aab8 av-gridrow-cell av_one_half no_margin  avia-builder-el-10  el_before_av_cell_one_half  avia-builder-el-first  content-align-middle'  ><div class='flex_cell_inner'><p><div class='flex_column_table av-k56j323a-f3d6519a944955eed1230f023e64125e sc-av_one_third av-equal-height-column-flextable'>\n<style type=\"text\/css\" data-created_by=\"avia_inline_auto\" id=\"style-css-av-k56j323a-f3d6519a944955eed1230f023e64125e\">\n.flex_column.av-k56j323a-f3d6519a944955eed1230f023e64125e{\nborder-radius:0px 0px 0px 0px;\npadding:0px 0px 0px 0px;\n}\n<\/style>\n<div  class='flex_column av-k56j323a-f3d6519a944955eed1230f023e64125e av_one_third  avia-builder-el-11  el_before_av_two_third  avia-builder-el-first  first flex_column_table_cell av-equal-height-column av-align-middle av-zero-column-padding  '     ><style type=\"text\/css\" data-created_by=\"avia_inline_auto\" id=\"style-css-av-k9cqeesf-dab41e0880677db45bd3efa46af54afa\">\n.av_font_icon.av-k9cqeesf-dab41e0880677db45bd3efa46af54afa{\ncolor:#023578;\nborder-color:#023578;\n}\n.avia-svg-icon.av-k9cqeesf-dab41e0880677db45bd3efa46af54afa svg:first-child{\nstroke:#023578;\nfill:#023578;\n}\n.av_font_icon.av-k9cqeesf-dab41e0880677db45bd3efa46af54afa .av-icon-char{\nfont-size:80px;\nline-height:80px;\n}\n<\/style>\n<span  class='av_font_icon av-k9cqeesf-dab41e0880677db45bd3efa46af54afa avia_animate_when_visible av-icon-style- avia-icon-pos-center avia-iconfont avia-font-entypo-fontello avia-icon-animate'><span class='av-icon-char' data-av_icon='\ue84e' data-av_iconfont='entypo-fontello' aria-hidden=\"true\" ><\/span><\/span><\/div><div class='av-flex-placeholder'><\/div>\n<style type=\"text\/css\" data-created_by=\"avia_inline_auto\" id=\"style-css-av-u0js-be0cdb061dfeb85c7c36297cffb1a773\">\n.flex_column.av-u0js-be0cdb061dfeb85c7c36297cffb1a773{\nborder-radius:0px 0px 0px 0px;\npadding:0px 0px 0px 0px;\n}\n<\/style>\n<div  class='flex_column av-u0js-be0cdb061dfeb85c7c36297cffb1a773 av_two_third  avia-builder-el-13  el_after_av_one_third  avia-builder-el-last  flex_column_table_cell av-equal-height-column av-align-middle av-zero-column-padding  '     ><style type=\"text\/css\" data-created_by=\"avia_inline_auto\" id=\"style-css-av-64l5h-62032b943261cb93cd05d1db688c7d3f\">\n#top .av_textblock_section.av-64l5h-62032b943261cb93cd05d1db688c7d3f .avia_textblock{\ncolor:#ffffff;\n}\n<\/style>\n<section  class='av_textblock_section av-64l5h-62032b943261cb93cd05d1db688c7d3f '   itemscope=\"itemscope\" itemtype=\"https:\/\/schema.org\/CreativeWork\" ><div class='avia_textblock av_inherit_color'  itemprop=\"text\" ><p><span style=\"color: #023578;\"><strong>Nuestra oferta:<\/strong><\/span><\/p>\n<p><span style=\"color: #000000;\">Examinamos:<\/span><\/p>\n<ul>\n<li><span style=\"color: #000000;\">Comportamiento de estanqueidad<\/span><\/li>\n<li><span style=\"color: #000000;\">Ac\u00fastica<\/span><\/li>\n<li><span style=\"color: #000000;\">Aislamiento t\u00e9rmico<\/span><\/li>\n<li><span style=\"color: #000000;\">Deformaci\u00f3n din\u00e1mica<\/span><\/li>\n<li><span style=\"color: #000000;\">Comportamiento de estabilidad<\/span><\/li>\n<li><span style=\"color: #000000;\">Comportamiento de rodaje<\/span><\/li>\n<\/ul>\n<\/div><\/section><\/div><\/div><!--close column table wrapper. Autoclose: 1 --><\/p>\n<\/div><\/div>\n<style type=\"text\/css\" data-created_by=\"avia_inline_auto\" id=\"style-css-av-5ftbx-86a12a4c3a718cc9a91b2664f6c9aace\">\n.flex_cell.av-5ftbx-86a12a4c3a718cc9a91b2664f6c9aace{\nvertical-align:middle;\nbackground-color:rgba(0,0,0,0.02);\n}\n.responsive #top #wrap_all .flex_cell.av-5ftbx-86a12a4c3a718cc9a91b2664f6c9aace{\npadding:60px 60px 60px 60px !important;\n}\n<\/style>\n<div class='flex_cell av-5ftbx-86a12a4c3a718cc9a91b2664f6c9aace av-gridrow-cell av_one_half no_margin  avia-builder-el-15  el_after_av_cell_one_half  avia-builder-el-last  content-align-middle'  ><div class='flex_cell_inner'><p><div class='flex_column_table av-rl9m-252d065ab4c2ef8e7070a6f32b259243 sc-av_one_fifth av-equal-height-column-flextable'>\n<style type=\"text\/css\" data-created_by=\"avia_inline_auto\" id=\"style-css-av-rl9m-252d065ab4c2ef8e7070a6f32b259243\">\n.flex_column.av-rl9m-252d065ab4c2ef8e7070a6f32b259243{\nborder-radius:0px 0px 0px 0px;\npadding:0px 0px 0px 0px;\n}\n<\/style>\n<div  class='flex_column av-rl9m-252d065ab4c2ef8e7070a6f32b259243 av_one_fifth  avia-builder-el-16  el_before_av_four_fifth  avia-builder-el-first  first flex_column_table_cell av-equal-height-column av-align-middle av-zero-column-padding  '     ><style type=\"text\/css\" data-created_by=\"avia_inline_auto\" id=\"style-css-av-k9cqeesf-1da57d4d3ea800f9c680d064d920e70c\">\n.av_font_icon.av-k9cqeesf-1da57d4d3ea800f9c680d064d920e70c{\ncolor:#023578;\nborder-color:#023578;\n}\n.avia-svg-icon.av-k9cqeesf-1da57d4d3ea800f9c680d064d920e70c svg:first-child{\nstroke:#023578;\nfill:#023578;\n}\n.av_font_icon.av-k9cqeesf-1da57d4d3ea800f9c680d064d920e70c .av-icon-char{\nfont-size:80px;\nline-height:80px;\n}\n<\/style>\n<span  class='av_font_icon av-k9cqeesf-1da57d4d3ea800f9c680d064d920e70c avia_animate_when_visible av-icon-style- avia-icon-pos-center avia-iconfont avia-font-entypo-fontello avia-icon-animate'><span class='av-icon-char' data-av_icon='\ue812' data-av_iconfont='entypo-fontello' aria-hidden=\"true\" ><\/span><\/span><\/div><div class='av-flex-placeholder'><\/div>\n<style type=\"text\/css\" data-created_by=\"avia_inline_auto\" id=\"style-css-av-uaw0-151b322f85d2f9e42c7094742670bcad\">\n.flex_column.av-uaw0-151b322f85d2f9e42c7094742670bcad{\nborder-radius:0px 0px 0px 0px;\npadding:0px 0px 0px 0px;\n}\n<\/style>\n<div  class='flex_column av-uaw0-151b322f85d2f9e42c7094742670bcad av_four_fifth  avia-builder-el-18  el_after_av_one_fifth  avia-builder-el-last  flex_column_table_cell av-equal-height-column av-align-middle av-zero-column-padding  '     ><style type=\"text\/css\" data-created_by=\"avia_inline_auto\" id=\"style-css-av-64l5h-62032b943261cb93cd05d1db688c7d3f\">\n#top .av_textblock_section.av-64l5h-62032b943261cb93cd05d1db688c7d3f .avia_textblock{\ncolor:#ffffff;\n}\n<\/style>\n<section  class='av_textblock_section av-64l5h-62032b943261cb93cd05d1db688c7d3f '   itemscope=\"itemscope\" itemtype=\"https:\/\/schema.org\/CreativeWork\" ><div class='avia_textblock av_inherit_color'  itemprop=\"text\" ><p><strong><span style=\"color: #023578;\">Sus ventajas:<\/span><\/strong><\/p>\n<ul>\n<li>\n<p lang=\"es-ES\"><span style=\"color: #000000;\">Analizamos las propiedades de los componentes antes de la producci\u00f3n<\/span><\/p>\n<\/li>\n<li>\n<p lang=\"es-ES\"><span style=\"color: #000000;\">Aseguramos, mediante secuencias de movimiento, los comportamientos de colisi\u00f3n<\/span><\/p>\n<\/li>\n<li>\n<p lang=\"es-ES\"><span style=\"color: #000000;\">Posible examen posterior con tomograf\u00eda computerizada<\/span><\/p>\n<\/li>\n<\/ul>\n<\/div><\/section><\/div><\/div><!--close column table wrapper. Autoclose: 1 --><\/p>\n<\/div><\/div><\/div><div id='av-layout-grid-2'  class='av-layout-grid-container av-qk351-18b762098d9c99a7289475f55236bf61 entry-content-wrapper main_color av-flex-cells  avia-builder-el-20  el_after_av_layout_row  avia-builder-el-last  grid-row-not-first  container_wrap fullsize'  >\n<div class='flex_cell av-kxzod-6f094c84342aeed341fec4fecc4407f2 av-gridrow-cell av_one_full no_margin  avia-builder-el-21  avia-builder-el-no-sibling '  ><div class='flex_cell_inner'><p>\n<style type=\"text\/css\" data-created_by=\"avia_inline_auto\" id=\"style-css-av-kb91cd3v-706d32378965bb456a1be009750a331f\">\n#top .hr.hr-invisible.av-kb91cd3v-706d32378965bb456a1be009750a331f{\nheight:25px;\n}\n<\/style>\n<div  class='hr av-kb91cd3v-706d32378965bb456a1be009750a331f hr-invisible  avia-builder-el-22  el_before_av_one_fifth  avia-builder-el-first '><span class='hr-inner '><span class=\"hr-inner-style\"><\/span><\/span><\/div><br \/>\n\n<style type=\"text\/css\" data-created_by=\"avia_inline_auto\" id=\"style-css-av-g2kv1-3d19034a9f8f19bc06e3bd447eb1d919\">\n.flex_column.av-g2kv1-3d19034a9f8f19bc06e3bd447eb1d919{\nborder-radius:0px 0px 0px 0px;\npadding:0px 0px 0px 0px;\n}\n<\/style>\n<div  class='flex_column av-g2kv1-3d19034a9f8f19bc06e3bd447eb1d919 av_one_fifth  avia-builder-el-23  el_after_av_hr  el_before_av_three_fourth  first flex_column_div av-zero-column-padding  '     ><style type=\"text\/css\" data-created_by=\"avia_inline_auto\" id=\"style-css-av-1be5m7-af996dea5c105cd3b69eb40ee2a44e54\">\n.avia-image-container.av-1be5m7-af996dea5c105cd3b69eb40ee2a44e54 img.avia_image{\nbox-shadow:none;\n}\n.avia-image-container.av-1be5m7-af996dea5c105cd3b69eb40ee2a44e54 .av-image-caption-overlay-center{\ncolor:#ffffff;\n}\n<\/style>\n<div  class='avia-image-container av-1be5m7-af996dea5c105cd3b69eb40ee2a44e54 av-styling- avia-align-center  avia-builder-el-24  avia-builder-el-no-sibling '   itemprop=\"image\" itemscope=\"itemscope\" itemtype=\"https:\/\/schema.org\/ImageObject\" ><div class=\"avia-image-container-inner\"><div class=\"avia-image-overlay-wrap\"><img decoding=\"async\" fetchpriority=\"high\" class='wp-image-5027 avia-img-lazy-loading-not-5027 avia_image ' src=\"https:\/\/www.kb-hein.de\/wp-content\/uploads\/2020\/01\/kb-hein-logo-figur-180x180.png\" alt='' title='Bauteiloptimierug-Hein-Logo'  height=\"180\" width=\"180\"  itemprop=\"thumbnailUrl\" srcset=\"https:\/\/www.kb-hein.de\/wp-content\/uploads\/2020\/01\/kb-hein-logo-figur-180x180.png 180w, https:\/\/www.kb-hein.de\/wp-content\/uploads\/2020\/01\/kb-hein-logo-figur-80x80.png 80w, https:\/\/www.kb-hein.de\/wp-content\/uploads\/2020\/01\/kb-hein-logo-figur-36x36.png 36w\" sizes=\"(max-width: 180px) 100vw, 180px\" \/><\/div><\/div><\/div><\/div>\n<style type=\"text\/css\" data-created_by=\"avia_inline_auto\" id=\"style-css-av-b96kt-884ef8f4888c8fee2dcfd78f900e790a\">\n.flex_column.av-b96kt-884ef8f4888c8fee2dcfd78f900e790a{\nborder-radius:0px 0px 0px 0px;\npadding:0px 0px 0px 0px;\n}\n<\/style>\n<div  class='flex_column av-b96kt-884ef8f4888c8fee2dcfd78f900e790a av_three_fourth  avia-builder-el-25  el_after_av_one_fifth  el_before_av_hr  flex_column_div av-zero-column-padding  '     ><div  class='av_promobox av-kb90lauk-a1aed825dc16d0001725b61bb653e042 avia-button-yes  avia-builder-el-26  avia-builder-el-no-sibling '><div class='avia-promocontent'><\/p>\n<h2><span style=\"color: #023578;\">Contacto<\/span><\/h2>\n<p lang=\"es-ES\">Solicite una oferta para el c\u00e1lculo de proyectos y costes en las \u00e1reas de desarrollo de productos, planificaci\u00f3n y ejecuci\u00f3n de proyectos, dise\u00f1o de moldes, optimizaci\u00f3n de componentes y mucho m\u00e1s.<\/p>\n<h4 lang=\"es-ES\">\u00a1Con mucho gusto estaremos a su disposici\u00f3n como personas de contacto!<\/h4>\n<p>\n<\/div><div  class='avia-button-wrap av-kb90lauk-c3244b02056e04a8cdfe75a68bc170ad-wrap avia-button-right '><a href='https:\/\/www.kb-hein.de\/es\/contacto\/'  class='avia-button av-kb90lauk-c3244b02056e04a8cdfe75a68bc170ad av-link-btn avia-icon_select-no avia-size-large avia-position-right avia-color-theme-color'  target=\"_blank\"  rel=\"noopener noreferrer\"  aria-label=\"Contactar\"><span class='avia_iconbox_title' >Contactar<\/span><\/a><\/div><\/div><\/div>\n<style type=\"text\/css\" data-created_by=\"avia_inline_auto\" id=\"style-css-av-kb91cd3v-706d32378965bb456a1be009750a331f\">\n#top .hr.hr-invisible.av-kb91cd3v-706d32378965bb456a1be009750a331f{\nheight:25px;\n}\n<\/style>\n<div  class='hr av-kb91cd3v-706d32378965bb456a1be009750a331f hr-invisible  avia-builder-el-27  el_after_av_three_fourth  avia-builder-el-last '><span class='hr-inner '><span class=\"hr-inner-style\"><\/span><\/span><\/div><\/p>\n<\/div><\/div>\n<\/div><\/p>\n","protected":false},"excerpt":{"rendered":"","protected":false},"author":1,"featured_media":0,"parent":0,"menu_order":0,"comment_status":"closed","ping_status":"closed","template":"","meta":{"footnotes":""},"class_list":["post-4928","page","type-page","status-publish","hentry"],"yoast_head":"<!-- This site is optimized with the Yoast SEO plugin v27.3 - https:\/\/yoast.com\/product\/yoast-seo-wordpress\/ -->\n<title>C\u00e1lculos de MEF para componentes de pl\u00e1stico - KB Hein<\/title>\n<meta name=\"description\" content=\"Uso de c\u00e1lculos MEF durante el desarrollo del producto para identificar el potencial de optimizaci\u00f3n y realizar mejoras.\" \/>\n<meta name=\"robots\" content=\"index, follow, max-snippet:-1, max-image-preview:large, max-video-preview:-1\" \/>\n<link rel=\"canonical\" href=\"https:\/\/www.kb-hein.de\/es\/metodo-de-elementos-finitos\/\" \/>\n<meta property=\"og:locale\" content=\"es_ES\" \/>\n<meta property=\"og:type\" content=\"article\" \/>\n<meta property=\"og:title\" content=\"C\u00e1lculos de MEF para componentes de pl\u00e1stico - KB Hein\" \/>\n<meta property=\"og:description\" content=\"Uso de c\u00e1lculos MEF durante el desarrollo del producto para identificar el potencial de optimizaci\u00f3n y realizar mejoras.\" \/>\n<meta property=\"og:url\" content=\"https:\/\/www.kb-hein.de\/es\/metodo-de-elementos-finitos\/\" \/>\n<meta property=\"og:site_name\" content=\"KB Hein\" \/>\n<meta property=\"article:modified_time\" content=\"2021-04-20T18:37:48+00:00\" \/>\n<meta name=\"twitter:label1\" content=\"Tiempo de lectura\" \/>\n\t<meta name=\"twitter:data1\" content=\"12 minutos\" \/>\n<script type=\"application\/ld+json\" class=\"yoast-schema-graph\">{\"@context\":\"https:\\\/\\\/schema.org\",\"@graph\":[{\"@type\":\"WebPage\",\"@id\":\"https:\\\/\\\/www.kb-hein.de\\\/es\\\/metodo-de-elementos-finitos\\\/\",\"url\":\"https:\\\/\\\/www.kb-hein.de\\\/es\\\/metodo-de-elementos-finitos\\\/\",\"name\":\"C\u00e1lculos de MEF para componentes de pl\u00e1stico - KB Hein\",\"isPartOf\":{\"@id\":\"https:\\\/\\\/www.kb-hein.de\\\/#website\"},\"datePublished\":\"2021-03-19T16:25:30+00:00\",\"dateModified\":\"2021-04-20T18:37:48+00:00\",\"description\":\"Uso de c\u00e1lculos MEF durante el desarrollo del producto para identificar el potencial de optimizaci\u00f3n y realizar mejoras.\",\"breadcrumb\":{\"@id\":\"https:\\\/\\\/www.kb-hein.de\\\/es\\\/metodo-de-elementos-finitos\\\/#breadcrumb\"},\"inLanguage\":\"es\",\"potentialAction\":[{\"@type\":\"ReadAction\",\"target\":[\"https:\\\/\\\/www.kb-hein.de\\\/es\\\/metodo-de-elementos-finitos\\\/\"]}]},{\"@type\":\"BreadcrumbList\",\"@id\":\"https:\\\/\\\/www.kb-hein.de\\\/es\\\/metodo-de-elementos-finitos\\\/#breadcrumb\",\"itemListElement\":[{\"@type\":\"ListItem\",\"position\":1,\"name\":\"Startseite\",\"item\":\"https:\\\/\\\/www.kb-hein.de\\\/startseite-konstruktionsbuero-hein-gmbh\\\/\"},{\"@type\":\"ListItem\",\"position\":2,\"name\":\"M\u00e9todo de elementos finitos\"}]},{\"@type\":\"WebSite\",\"@id\":\"https:\\\/\\\/www.kb-hein.de\\\/#website\",\"url\":\"https:\\\/\\\/www.kb-hein.de\\\/\",\"name\":\"KB Hein\",\"description\":\"\",\"publisher\":{\"@id\":\"https:\\\/\\\/www.kb-hein.de\\\/#organization\"},\"potentialAction\":[{\"@type\":\"SearchAction\",\"target\":{\"@type\":\"EntryPoint\",\"urlTemplate\":\"https:\\\/\\\/www.kb-hein.de\\\/?s={search_term_string}\"},\"query-input\":{\"@type\":\"PropertyValueSpecification\",\"valueRequired\":true,\"valueName\":\"search_term_string\"}}],\"inLanguage\":\"es\"},{\"@type\":\"Organization\",\"@id\":\"https:\\\/\\\/www.kb-hein.de\\\/#organization\",\"name\":\"Konstruktionsb\u00fcro Hein GmbH\",\"url\":\"https:\\\/\\\/www.kb-hein.de\\\/\",\"logo\":{\"@type\":\"ImageObject\",\"inLanguage\":\"es\",\"@id\":\"https:\\\/\\\/www.kb-hein.de\\\/#\\\/schema\\\/logo\\\/image\\\/\",\"url\":\"https:\\\/\\\/www.kb-hein.de\\\/wp-content\\\/uploads\\\/2020\\\/07\\\/Logo_KB-Hein.jpg\",\"contentUrl\":\"https:\\\/\\\/www.kb-hein.de\\\/wp-content\\\/uploads\\\/2020\\\/07\\\/Logo_KB-Hein.jpg\",\"width\":900,\"height\":900,\"caption\":\"Konstruktionsb\u00fcro Hein GmbH\"},\"image\":{\"@id\":\"https:\\\/\\\/www.kb-hein.de\\\/#\\\/schema\\\/logo\\\/image\\\/\"}}]}<\/script>\n<!-- \/ Yoast SEO plugin. -->","yoast_head_json":{"title":"C\u00e1lculos de MEF para componentes de pl\u00e1stico - KB Hein","description":"Uso de c\u00e1lculos MEF durante el desarrollo del producto para identificar el potencial de optimizaci\u00f3n y realizar mejoras.","robots":{"index":"index","follow":"follow","max-snippet":"max-snippet:-1","max-image-preview":"max-image-preview:large","max-video-preview":"max-video-preview:-1"},"canonical":"https:\/\/www.kb-hein.de\/es\/metodo-de-elementos-finitos\/","og_locale":"es_ES","og_type":"article","og_title":"C\u00e1lculos de MEF para componentes de pl\u00e1stico - KB Hein","og_description":"Uso de c\u00e1lculos MEF durante el desarrollo del producto para identificar el potencial de optimizaci\u00f3n y realizar mejoras.","og_url":"https:\/\/www.kb-hein.de\/es\/metodo-de-elementos-finitos\/","og_site_name":"KB Hein","article_modified_time":"2021-04-20T18:37:48+00:00","twitter_misc":{"Tiempo de lectura":"12 minutos"},"schema":{"@context":"https:\/\/schema.org","@graph":[{"@type":"WebPage","@id":"https:\/\/www.kb-hein.de\/es\/metodo-de-elementos-finitos\/","url":"https:\/\/www.kb-hein.de\/es\/metodo-de-elementos-finitos\/","name":"C\u00e1lculos de MEF para componentes de pl\u00e1stico - KB Hein","isPartOf":{"@id":"https:\/\/www.kb-hein.de\/#website"},"datePublished":"2021-03-19T16:25:30+00:00","dateModified":"2021-04-20T18:37:48+00:00","description":"Uso de c\u00e1lculos MEF durante el desarrollo del producto para identificar el potencial de optimizaci\u00f3n y realizar mejoras.","breadcrumb":{"@id":"https:\/\/www.kb-hein.de\/es\/metodo-de-elementos-finitos\/#breadcrumb"},"inLanguage":"es","potentialAction":[{"@type":"ReadAction","target":["https:\/\/www.kb-hein.de\/es\/metodo-de-elementos-finitos\/"]}]},{"@type":"BreadcrumbList","@id":"https:\/\/www.kb-hein.de\/es\/metodo-de-elementos-finitos\/#breadcrumb","itemListElement":[{"@type":"ListItem","position":1,"name":"Startseite","item":"https:\/\/www.kb-hein.de\/startseite-konstruktionsbuero-hein-gmbh\/"},{"@type":"ListItem","position":2,"name":"M\u00e9todo de elementos finitos"}]},{"@type":"WebSite","@id":"https:\/\/www.kb-hein.de\/#website","url":"https:\/\/www.kb-hein.de\/","name":"KB Hein","description":"","publisher":{"@id":"https:\/\/www.kb-hein.de\/#organization"},"potentialAction":[{"@type":"SearchAction","target":{"@type":"EntryPoint","urlTemplate":"https:\/\/www.kb-hein.de\/?s={search_term_string}"},"query-input":{"@type":"PropertyValueSpecification","valueRequired":true,"valueName":"search_term_string"}}],"inLanguage":"es"},{"@type":"Organization","@id":"https:\/\/www.kb-hein.de\/#organization","name":"Konstruktionsb\u00fcro Hein GmbH","url":"https:\/\/www.kb-hein.de\/","logo":{"@type":"ImageObject","inLanguage":"es","@id":"https:\/\/www.kb-hein.de\/#\/schema\/logo\/image\/","url":"https:\/\/www.kb-hein.de\/wp-content\/uploads\/2020\/07\/Logo_KB-Hein.jpg","contentUrl":"https:\/\/www.kb-hein.de\/wp-content\/uploads\/2020\/07\/Logo_KB-Hein.jpg","width":900,"height":900,"caption":"Konstruktionsb\u00fcro Hein GmbH"},"image":{"@id":"https:\/\/www.kb-hein.de\/#\/schema\/logo\/image\/"}}]}},"_links":{"self":[{"href":"https:\/\/www.kb-hein.de\/es\/wp-json\/wp\/v2\/pages\/4928","targetHints":{"allow":["GET"]}}],"collection":[{"href":"https:\/\/www.kb-hein.de\/es\/wp-json\/wp\/v2\/pages"}],"about":[{"href":"https:\/\/www.kb-hein.de\/es\/wp-json\/wp\/v2\/types\/page"}],"author":[{"embeddable":true,"href":"https:\/\/www.kb-hein.de\/es\/wp-json\/wp\/v2\/users\/1"}],"replies":[{"embeddable":true,"href":"https:\/\/www.kb-hein.de\/es\/wp-json\/wp\/v2\/comments?post=4928"}],"version-history":[{"count":19,"href":"https:\/\/www.kb-hein.de\/es\/wp-json\/wp\/v2\/pages\/4928\/revisions"}],"predecessor-version":[{"id":5505,"href":"https:\/\/www.kb-hein.de\/es\/wp-json\/wp\/v2\/pages\/4928\/revisions\/5505"}],"wp:attachment":[{"href":"https:\/\/www.kb-hein.de\/es\/wp-json\/wp\/v2\/media?parent=4928"}],"curies":[{"name":"wp","href":"https:\/\/api.w.org\/{rel}","templated":true}]}}