{"id":5067,"date":"2021-03-20T19:36:07","date_gmt":"2021-03-20T18:36:07","guid":{"rendered":"https:\/\/www.kb-hein.de\/pie-de-imprenta\/"},"modified":"2021-04-18T09:15:06","modified_gmt":"2021-04-18T07:15:06","slug":"pie-de-imprenta","status":"publish","type":"page","link":"https:\/\/www.kb-hein.de\/es\/pie-de-imprenta\/","title":{"rendered":"Aviso Legal"},"content":{"rendered":"\n<style type=\"text\/css\" data-created_by=\"avia_inline_auto\" id=\"style-css-av-k56mdb88-2f437f4d86e9dc3cb73e013b3f3d4ac8\">\n.avia-section.av-k56mdb88-2f437f4d86e9dc3cb73e013b3f3d4ac8{\nbackground-color:#023578;\nbackground-image:unset;\n}\n<\/style>\n<div id='av_section_1'  class='avia-section av-k56mdb88-2f437f4d86e9dc3cb73e013b3f3d4ac8 main_color avia-section-default avia-no-border-styling  avia-builder-el-0  el_before_av_section  avia-builder-el-first  avia-bg-style-scroll container_wrap fullsize'  ><div class='container av-section-cont-open' ><main  role=\"main\" itemprop=\"mainContentOfPage\"  class='template-page content  av-content-full alpha units'><div class='post-entry post-entry-type-page post-entry-5067'><div class='entry-content-wrapper clearfix'>\n<div class='flex_column_table av-k56md0eh-39995f7e9bf1362a3404c2c5e2bb1db5 sc-av_one_full av-equal-height-column-flextable'>\n<style type=\"text\/css\" data-created_by=\"avia_inline_auto\" id=\"style-css-av-k56md0eh-39995f7e9bf1362a3404c2c5e2bb1db5\">\n.flex_column.av-k56md0eh-39995f7e9bf1362a3404c2c5e2bb1db5{\nborder-radius:0px 0px 0px 0px;\npadding:0px 0px 0px 0px;\n}\n<\/style>\n<div  class='flex_column av-k56md0eh-39995f7e9bf1362a3404c2c5e2bb1db5 av_one_full  avia-builder-el-1  avia-builder-el-no-sibling  first flex_column_table_cell av-equal-height-column av-align-middle av-zero-column-padding  '     ><style type=\"text\/css\" data-created_by=\"avia_inline_auto\" id=\"style-css-av-k56mcvdk-423db8628f1efbd0077402213134c076\">\n#top .av_textblock_section.av-k56mcvdk-423db8628f1efbd0077402213134c076 .avia_textblock{\ncolor:#ffffff;\n}\n<\/style>\n<section  class='av_textblock_section av-k56mcvdk-423db8628f1efbd0077402213134c076 '   itemscope=\"itemscope\" itemtype=\"https:\/\/schema.org\/CreativeWork\" ><div class='avia_textblock av_inherit_color'  itemprop=\"text\" ><h2 lang=\"es-ES\" style=\"text-align: center;\" align=\"justify\">Aviso Legal<\/h2>\n<\/div><\/section><\/div><\/div><!--close column table wrapper. Autoclose: 1 -->\n\n<\/div><\/div><\/main><!-- close content main element --><\/div><\/div><div id='av_section_2'  class='avia-section av-1dtt7-8888a69fcc01dc2f857d9b88978a84fc main_color avia-section-default avia-no-border-styling  avia-builder-el-3  el_after_av_section  avia-builder-el-last  avia-bg-style-scroll container_wrap fullsize'  ><div class='container av-section-cont-open' ><div class='template-page content  av-content-full alpha units'><div class='post-entry post-entry-type-page post-entry-5067'><div class='entry-content-wrapper clearfix'>\n\n<style type=\"text\/css\" data-created_by=\"avia_inline_auto\" id=\"style-css-av-11f1v-6fc7346eb3b5c2aa73490bfe25280349\">\n.flex_column.av-11f1v-6fc7346eb3b5c2aa73490bfe25280349{\nborder-radius:0px 0px 0px 0px;\npadding:0px 0px 0px 0px;\n}\n<\/style>\n<div  class='flex_column av-11f1v-6fc7346eb3b5c2aa73490bfe25280349 av_one_full  avia-builder-el-4  avia-builder-el-no-sibling  first flex_column_div av-zero-column-padding  '     ><section  class='av_textblock_section av-k56mclz1-f396a217501733558a0352abecb8c5b7 '   itemscope=\"itemscope\" itemtype=\"https:\/\/schema.org\/CreativeWork\" ><div class='avia_textblock'  itemprop=\"text\" ><h2 lang=\"es-ES\">Informaci\u00f3n seg\u00fan el art. 5 TMG<\/h2>\n<p>Konstruktionsb\u00fcro Hein GmbH<br \/>\nMarschstrasse 25<br \/>\n31535 Neustadt<\/p>\n<p>Registro mercantil: HRB 110789<\/p>\n<p lang=\"es-ES\">Juzgado de registro: Juzgado local de Hannover<\/p>\n<p lang=\"es-ES\"><strong>Representado por:<\/strong><\/p>\n<p lang=\"es-ES\">Rudolf Hein y Alexander Hein<\/p>\n<h2>Contacto<\/h2>\n<p>Telefon: +49 (0) 5032 \/ 89 37 91<br \/>\nTelefax: +49 (0) 5032 \/ 89 37 96<br \/>\nE-Mail: <a href=\"mailto:info@kb-hein.de\">info@kb-hein.de<\/a><\/p>\n<h2>N.I.F. IVA<\/h2>\n<p lang=\"es-ES\">N\u00famero de identificaci\u00f3n fiscal a efectos de IVA, seg\u00fan el art. 27 de la Ley de impuestos sobre las ventas: DE 202120604<\/p>\n<h2 lang=\"es-ES\">Resoluci\u00f3n de conflictos en consumo\/ Junta de arbitraje universal<\/h2>\n<p lang=\"es-ES\">No estamos dispuestos, ni obligados a participar en los procedimientos de resoluci\u00f3n de litigios ante una Junta de arbitraje de consumidores.<\/p>\n<h3 lang=\"es-ES\">Responsabilidad por el contenido<\/h3>\n<p lang=\"es-ES\">Como proveedores de servicios somos responsables de nuestros propios contenidos en estas p\u00e1ginas, seg\u00fan el art.7 p\u00e1rr. 1 TMG (Ley alemana de telemedios) y las leyes generales. De conformidad con los art\u00edculos 8 a 10 de la TMG, no estamos obligados a vigilar la informaci\u00f3n transmitida o almacenada de terceros, ni a investigar las circunstancias que indiquen una actividad ilegal.<\/p>\n<p lang=\"es-ES\">Las obligaciones de eliminar o bloquear el uso de la informaci\u00f3n, seg\u00fan las leyes generales no se ver\u00e1n afectadas. Sin embargo, la responsabilidad a este respecto s\u00f3lo es posible a partir del momento en que se tenga conocimiento de una infracci\u00f3n concreta. Si nos enter\u00e1ramos de alguna de estas infracciones, eliminar\u00edamos estos contenidos inmediatamente.<\/p>\n<h3 lang=\"es-ES\">Responsabilidad respecto a los enlaces a otras p\u00e1ginas web<\/h3>\n<p lang=\"es-ES\">Nuestra oferta contiene enlaces a p\u00e1ginas web externas de terceros, en cuyos contenidos no tenemos ninguna influencia. Por lo tanto, no podemos asumir ninguna responsabilidad por estos contenidos externos. El proveedor u operador de los sitios correspondientes es siempre responsable de los contenidos de los sitios enlazados. Las p\u00e1ginas enlazadas fueron comprobadas para detectar posibles violaciones legales en el momento de la vinculaci\u00f3n. No se identic\u00f3, en el momento de la vinculaci\u00f3n, ning\u00fan contenido ilegal.<\/p>\n<p lang=\"es-ES\">No es obligatorio un control permanente del contenido de las p\u00e1ginas enlazadas sin indicios concretos de una violaci\u00f3n de la ley. Si nos enter\u00e1ramos de alguna de estas infracciones, eliminar\u00edamos estos contenidos inmediatamente.<\/p>\n<h3>Derechos de autor<\/h3>\n<p lang=\"es-ES\">Los contenidos de estas p\u00e1ginas creadas por los operadores del sitio est\u00e1n sujetos a la Ley alemana de derechos de autor. La reproducci\u00f3n, edici\u00f3n, distribuci\u00f3n y cualquier tipo de uso, fuera de los l\u00edmites de la Ley de derechos de autor, requiere el consentimiento, por escrito, del correspondiente autor o creador. Las descargas y copias de estas p\u00e1ginas s\u00f3lo se permiten para uso privado y no comercial.<\/p>\n<p lang=\"es-ES\">En la medida en que el contenido de este sitio web no haya sido creado por el operador, se respetar\u00e1n los derechos de autor de terceros. En particular, cuando el contenido de terceros se identifique como tal. Si a pesar de ello, usted se enterara de una infracci\u00f3n de derechos de autor, por favor, inf\u00f3rmenos. Si nos enter\u00e1ramos de alguna infracci\u00f3n eliminar\u00edamos ese contenido inmediatamente.<\/p>\n<\/div><\/section><\/div>\n\n","protected":false},"excerpt":{"rendered":"","protected":false},"author":1,"featured_media":0,"parent":0,"menu_order":0,"comment_status":"closed","ping_status":"closed","template":"","meta":{"footnotes":""},"class_list":["post-5067","page","type-page","status-publish","hentry"],"yoast_head":"<!-- This site is optimized with the Yoast SEO plugin v27.4 - https:\/\/yoast.com\/product\/yoast-seo-wordpress\/ -->\n<title>Aviso Legal - KB Hein<\/title>\n<meta name=\"robots\" content=\"index, follow, max-snippet:-1, max-image-preview:large, max-video-preview:-1\" \/>\n<link rel=\"canonical\" href=\"https:\/\/www.kb-hein.de\/es\/pie-de-imprenta\/\" \/>\n<meta property=\"og:locale\" content=\"es_ES\" \/>\n<meta property=\"og:type\" content=\"article\" \/>\n<meta property=\"og:title\" content=\"Aviso Legal - KB Hein\" \/>\n<meta property=\"og:url\" content=\"https:\/\/www.kb-hein.de\/es\/pie-de-imprenta\/\" \/>\n<meta property=\"og:site_name\" content=\"KB Hein\" \/>\n<meta property=\"article:modified_time\" content=\"2021-04-18T07:15:06+00:00\" \/>\n<meta name=\"twitter:label1\" content=\"Tiempo de lectura\" \/>\n\t<meta name=\"twitter:data1\" content=\"5 minutos\" \/>\n<script type=\"application\/ld+json\" class=\"yoast-schema-graph\">{\"@context\":\"https:\\\/\\\/schema.org\",\"@graph\":[{\"@type\":\"WebPage\",\"@id\":\"https:\\\/\\\/www.kb-hein.de\\\/es\\\/pie-de-imprenta\\\/\",\"url\":\"https:\\\/\\\/www.kb-hein.de\\\/es\\\/pie-de-imprenta\\\/\",\"name\":\"Aviso Legal - KB Hein\",\"isPartOf\":{\"@id\":\"https:\\\/\\\/www.kb-hein.de\\\/#website\"},\"datePublished\":\"2021-03-20T18:36:07+00:00\",\"dateModified\":\"2021-04-18T07:15:06+00:00\",\"breadcrumb\":{\"@id\":\"https:\\\/\\\/www.kb-hein.de\\\/es\\\/pie-de-imprenta\\\/#breadcrumb\"},\"inLanguage\":\"es\",\"potentialAction\":[{\"@type\":\"ReadAction\",\"target\":[\"https:\\\/\\\/www.kb-hein.de\\\/es\\\/pie-de-imprenta\\\/\"]}]},{\"@type\":\"BreadcrumbList\",\"@id\":\"https:\\\/\\\/www.kb-hein.de\\\/es\\\/pie-de-imprenta\\\/#breadcrumb\",\"itemListElement\":[{\"@type\":\"ListItem\",\"position\":1,\"name\":\"Startseite\",\"item\":\"https:\\\/\\\/www.kb-hein.de\\\/startseite-konstruktionsbuero-hein-gmbh\\\/\"},{\"@type\":\"ListItem\",\"position\":2,\"name\":\"Aviso Legal\"}]},{\"@type\":\"WebSite\",\"@id\":\"https:\\\/\\\/www.kb-hein.de\\\/#website\",\"url\":\"https:\\\/\\\/www.kb-hein.de\\\/\",\"name\":\"KB Hein\",\"description\":\"\",\"publisher\":{\"@id\":\"https:\\\/\\\/www.kb-hein.de\\\/#organization\"},\"potentialAction\":[{\"@type\":\"SearchAction\",\"target\":{\"@type\":\"EntryPoint\",\"urlTemplate\":\"https:\\\/\\\/www.kb-hein.de\\\/?s={search_term_string}\"},\"query-input\":{\"@type\":\"PropertyValueSpecification\",\"valueRequired\":true,\"valueName\":\"search_term_string\"}}],\"inLanguage\":\"es\"},{\"@type\":\"Organization\",\"@id\":\"https:\\\/\\\/www.kb-hein.de\\\/#organization\",\"name\":\"Konstruktionsb\u00fcro Hein GmbH\",\"url\":\"https:\\\/\\\/www.kb-hein.de\\\/\",\"logo\":{\"@type\":\"ImageObject\",\"inLanguage\":\"es\",\"@id\":\"https:\\\/\\\/www.kb-hein.de\\\/#\\\/schema\\\/logo\\\/image\\\/\",\"url\":\"https:\\\/\\\/www.kb-hein.de\\\/wp-content\\\/uploads\\\/2020\\\/07\\\/Logo_KB-Hein.jpg\",\"contentUrl\":\"https:\\\/\\\/www.kb-hein.de\\\/wp-content\\\/uploads\\\/2020\\\/07\\\/Logo_KB-Hein.jpg\",\"width\":900,\"height\":900,\"caption\":\"Konstruktionsb\u00fcro Hein GmbH\"},\"image\":{\"@id\":\"https:\\\/\\\/www.kb-hein.de\\\/#\\\/schema\\\/logo\\\/image\\\/\"}}]}<\/script>\n<!-- \/ Yoast SEO plugin. -->","yoast_head_json":{"title":"Aviso Legal - KB Hein","robots":{"index":"index","follow":"follow","max-snippet":"max-snippet:-1","max-image-preview":"max-image-preview:large","max-video-preview":"max-video-preview:-1"},"canonical":"https:\/\/www.kb-hein.de\/es\/pie-de-imprenta\/","og_locale":"es_ES","og_type":"article","og_title":"Aviso Legal - KB Hein","og_url":"https:\/\/www.kb-hein.de\/es\/pie-de-imprenta\/","og_site_name":"KB Hein","article_modified_time":"2021-04-18T07:15:06+00:00","twitter_misc":{"Tiempo de lectura":"5 minutos"},"schema":{"@context":"https:\/\/schema.org","@graph":[{"@type":"WebPage","@id":"https:\/\/www.kb-hein.de\/es\/pie-de-imprenta\/","url":"https:\/\/www.kb-hein.de\/es\/pie-de-imprenta\/","name":"Aviso Legal - KB Hein","isPartOf":{"@id":"https:\/\/www.kb-hein.de\/#website"},"datePublished":"2021-03-20T18:36:07+00:00","dateModified":"2021-04-18T07:15:06+00:00","breadcrumb":{"@id":"https:\/\/www.kb-hein.de\/es\/pie-de-imprenta\/#breadcrumb"},"inLanguage":"es","potentialAction":[{"@type":"ReadAction","target":["https:\/\/www.kb-hein.de\/es\/pie-de-imprenta\/"]}]},{"@type":"BreadcrumbList","@id":"https:\/\/www.kb-hein.de\/es\/pie-de-imprenta\/#breadcrumb","itemListElement":[{"@type":"ListItem","position":1,"name":"Startseite","item":"https:\/\/www.kb-hein.de\/startseite-konstruktionsbuero-hein-gmbh\/"},{"@type":"ListItem","position":2,"name":"Aviso Legal"}]},{"@type":"WebSite","@id":"https:\/\/www.kb-hein.de\/#website","url":"https:\/\/www.kb-hein.de\/","name":"KB Hein","description":"","publisher":{"@id":"https:\/\/www.kb-hein.de\/#organization"},"potentialAction":[{"@type":"SearchAction","target":{"@type":"EntryPoint","urlTemplate":"https:\/\/www.kb-hein.de\/?s={search_term_string}"},"query-input":{"@type":"PropertyValueSpecification","valueRequired":true,"valueName":"search_term_string"}}],"inLanguage":"es"},{"@type":"Organization","@id":"https:\/\/www.kb-hein.de\/#organization","name":"Konstruktionsb\u00fcro Hein GmbH","url":"https:\/\/www.kb-hein.de\/","logo":{"@type":"ImageObject","inLanguage":"es","@id":"https:\/\/www.kb-hein.de\/#\/schema\/logo\/image\/","url":"https:\/\/www.kb-hein.de\/wp-content\/uploads\/2020\/07\/Logo_KB-Hein.jpg","contentUrl":"https:\/\/www.kb-hein.de\/wp-content\/uploads\/2020\/07\/Logo_KB-Hein.jpg","width":900,"height":900,"caption":"Konstruktionsb\u00fcro Hein GmbH"},"image":{"@id":"https:\/\/www.kb-hein.de\/#\/schema\/logo\/image\/"}}]}},"_links":{"self":[{"href":"https:\/\/www.kb-hein.de\/es\/wp-json\/wp\/v2\/pages\/5067","targetHints":{"allow":["GET"]}}],"collection":[{"href":"https:\/\/www.kb-hein.de\/es\/wp-json\/wp\/v2\/pages"}],"about":[{"href":"https:\/\/www.kb-hein.de\/es\/wp-json\/wp\/v2\/types\/page"}],"author":[{"embeddable":true,"href":"https:\/\/www.kb-hein.de\/es\/wp-json\/wp\/v2\/users\/1"}],"replies":[{"embeddable":true,"href":"https:\/\/www.kb-hein.de\/es\/wp-json\/wp\/v2\/comments?post=5067"}],"version-history":[{"count":5,"href":"https:\/\/www.kb-hein.de\/es\/wp-json\/wp\/v2\/pages\/5067\/revisions"}],"predecessor-version":[{"id":6081,"href":"https:\/\/www.kb-hein.de\/es\/wp-json\/wp\/v2\/pages\/5067\/revisions\/6081"}],"wp:attachment":[{"href":"https:\/\/www.kb-hein.de\/es\/wp-json\/wp\/v2\/media?parent=5067"}],"curies":[{"name":"wp","href":"https:\/\/api.w.org\/{rel}","templated":true}]}}