{"id":5101,"date":"2021-03-20T20:46:51","date_gmt":"2021-03-20T19:46:51","guid":{"rendered":"https:\/\/www.kb-hein.de\/contacto\/"},"modified":"2025-01-24T13:22:31","modified_gmt":"2025-01-24T12:22:31","slug":"contacto","status":"publish","type":"page","link":"https:\/\/www.kb-hein.de\/es\/contacto\/","title":{"rendered":"Contacto"},"content":{"rendered":"\n<style type=\"text\/css\" data-created_by=\"avia_inline_auto\" id=\"style-css-av-k52j97qi-f37ba19d050fab65e94a6bdaa1f19d08\">\n.avia-section.av-k52j97qi-f37ba19d050fab65e94a6bdaa1f19d08{\nbackground-repeat:no-repeat;\nbackground-image:url(https:\/\/www.kb-hein.de\/wp-content\/uploads\/2020\/05\/Kontakte_Banner-1.png);\nbackground-position:50% 50%;\nbackground-attachment:scroll;\n}\n<\/style>\n<div id='av_section_1'  class='avia-section av-k52j97qi-f37ba19d050fab65e94a6bdaa1f19d08 main_color avia-section-default avia-no-border-styling  avia-builder-el-0  el_before_av_section  avia-builder-el-first  avia-full-stretch avia-bg-style-scroll av-minimum-height av-minimum-height-50 av-height-50  container_wrap fullsize'  data-section-bg-repeat='stretch' data-av_minimum_height_pc='50' data-av_min_height_opt='50'><div class='container av-section-cont-open' ><main  role=\"main\" itemprop=\"mainContentOfPage\"  class='template-page content  av-content-full alpha units'><div class='post-entry post-entry-type-page post-entry-5101'><div class='entry-content-wrapper clearfix'>\n<\/div><\/div><\/main><!-- close content main element --><\/div><\/div><div id='introtext' aria-label='introtext' class='avia-section av-k52jl4ge-9f295294cc03670e1e1e467fab20f5a0 main_color avia-section-large avia-no-border-styling  avia-builder-el-1  el_after_av_section  avia-builder-el-last  avia-bg-style-scroll container_wrap fullsize'  ><div class='container av-section-cont-open' ><div class='template-page content  av-content-full alpha units'><div class='post-entry post-entry-type-page post-entry-5101'><div class='entry-content-wrapper clearfix'>\n\n<style type=\"text\/css\" data-created_by=\"avia_inline_auto\" id=\"style-css-av-m2h6z-2878f744a499fd429d30d256095f9615\">\n@keyframes av_boxShadowEffect_av-m2h6z-2878f744a499fd429d30d256095f9615-column {\n0%   { box-shadow:  0 0 0 0 #c4c4c4c4; opacity: 1; }\n100% { box-shadow:  0 0 10px 0 #c4c4c4c4; opacity: 1; }\n}\n.flex_column.av-m2h6z-2878f744a499fd429d30d256095f9615{\nbox-shadow: 0 0 10px 0 #c4c4c4c4;\nborder-radius:0px 0px 0px 0px;\npadding:60px 60px 60px 60px;\nbackground-color:#ffffff;\n}\n<\/style>\n<div  class='flex_column av-m2h6z-2878f744a499fd429d30d256095f9615 av_three_fifth  avia-builder-el-2  el_before_av_two_fifth  avia-builder-el-first  first flex_column_div shadow-not-animated  '     ><section  class='av_textblock_section av-k5gprn8k-8caa3e094bcd6fa1bbae2a6da5221ccc '   itemscope=\"itemscope\" itemtype=\"https:\/\/schema.org\/CreativeWork\" ><div class='avia_textblock'  itemprop=\"text\" ><h2>Contacto<\/h2>\n<p lang=\"es-ES\" align=\"justify\">Utilice una de las muchas posibilidades y cont\u00e1ctenos en cualquier momento. Nos pondremos en contacto con usted inmediatamente.<\/p>\n<\/div><\/section><br \/>\n\n<style type=\"text\/css\" data-created_by=\"avia_inline_auto\" id=\"style-css-av-k5gpmx6c-1dc81a850977dd43cc57f65237ac4e96\">\n#top .hr.hr-invisible.av-k5gpmx6c-1dc81a850977dd43cc57f65237ac4e96{\nheight:25px;\n}\n<\/style>\n<div  class='hr av-k5gpmx6c-1dc81a850977dd43cc57f65237ac4e96 hr-invisible  avia-builder-el-4  el_after_av_textblock  el_before_av_codeblock '><span class='hr-inner '><span class=\"hr-inner-style\"><\/span><\/span><\/div><br \/>\n<\/p><\/div>\n<style type=\"text\/css\" data-created_by=\"avia_inline_auto\" id=\"style-css-av-au2jv-a4febc69be834cf7e8ea9e01bcfebe90\">\n@keyframes av_boxShadowEffect_av-au2jv-a4febc69be834cf7e8ea9e01bcfebe90-column {\n0%   { box-shadow:  0 0 0 0 #c4c4c4c4; opacity: 1; }\n100% { box-shadow:  0 0 10px 0 #c4c4c4c4; opacity: 1; }\n}\n.flex_column.av-au2jv-a4febc69be834cf7e8ea9e01bcfebe90{\nbox-shadow: 0 0 10px 0 #c4c4c4c4;\nborder-radius:0px 0px 0px 0px;\npadding:30px 30px 30px 30px;\nbackground-color:#ffffff;\n}\n<\/style>\n<div  class='flex_column av-au2jv-a4febc69be834cf7e8ea9e01bcfebe90 av_two_fifth  avia-builder-el-6  el_after_av_three_fifth  avia-builder-el-last  flex_column_div shadow-not-animated  '     ><p><article  class='iconbox iconbox_top av-k5gpnlcd-a168dca616e7d8dc7712119080642379  avia-builder-el-7  el_before_av_hr  avia-builder-el-first  main_color'  itemscope=\"itemscope\" itemtype=\"https:\/\/schema.org\/CreativeWork\" ><div class=\"iconbox_content\"><header class=\"entry-content-header\" aria-label=\"Icon: direcci\u00f3n\"><div class='iconbox_icon heading-color avia-iconfont avia-font-entypo-fontello' data-av_icon='\ue841' data-av_iconfont='entypo-fontello'  ><\/div><h3 class='iconbox_content_title '  itemprop=\"headline\" >direcci\u00f3n<\/h3><\/header><div class='iconbox_content_container '  itemprop=\"text\" ><p><strong>Konstruktionsb\u00fcro Hein GmbH<\/strong><br \/>\nMarschstrasse 25<br \/>\nD-31535 Neustadt<\/p>\n<\/div><\/div><footer class=\"entry-footer\"><\/footer><\/article><br \/>\n\n<style type=\"text\/css\" data-created_by=\"avia_inline_auto\" id=\"style-css-av-k5gpmx6c-1dc81a850977dd43cc57f65237ac4e96\">\n#top .hr.hr-invisible.av-k5gpmx6c-1dc81a850977dd43cc57f65237ac4e96{\nheight:25px;\n}\n<\/style>\n<div  class='hr av-k5gpmx6c-1dc81a850977dd43cc57f65237ac4e96 hr-invisible  avia-builder-el-8  el_after_av_icon_box  el_before_av_icon_box '><span class='hr-inner '><span class=\"hr-inner-style\"><\/span><\/span><\/div><br \/>\n<article  class='iconbox iconbox_top av-k5gpq5uc-5b5e2dea0a42d99fe6ffd5317b5f18e3  avia-builder-el-9  el_after_av_hr  el_before_av_hr  main_color'  itemscope=\"itemscope\" itemtype=\"https:\/\/schema.org\/CreativeWork\" ><div class=\"iconbox_content\"><header class=\"entry-content-header\" aria-label=\"Icon: tel\u00e9fono\"><div class='iconbox_icon heading-color avia-iconfont avia-font-entypo-fontello' data-av_icon='\ue854' data-av_iconfont='entypo-fontello'  ><\/div><h3 class='iconbox_content_title '  itemprop=\"headline\" >tel\u00e9fono<\/h3><\/header><div class='iconbox_content_container '  itemprop=\"text\" ><p>Telefon: <a href=\"tel:+49 (0) 5032 \/ 63 15 1\">+49 (0) 5032 \/ 63 15 1<\/a><br \/>\nTelefax: <a href=\"tel:+49 (0) 5032 \/ 63 11 6\">+49 (0) 5032 \/ 63 11 6<\/a><\/p>\n<\/div><\/div><footer class=\"entry-footer\"><\/footer><\/article><br \/>\n\n<style type=\"text\/css\" data-created_by=\"avia_inline_auto\" id=\"style-css-av-k5gpmx6c-1dc81a850977dd43cc57f65237ac4e96\">\n#top .hr.hr-invisible.av-k5gpmx6c-1dc81a850977dd43cc57f65237ac4e96{\nheight:25px;\n}\n<\/style>\n<div  class='hr av-k5gpmx6c-1dc81a850977dd43cc57f65237ac4e96 hr-invisible  avia-builder-el-10  el_after_av_icon_box  el_before_av_icon_box '><span class='hr-inner '><span class=\"hr-inner-style\"><\/span><\/span><\/div><br \/>\n<article  class='iconbox iconbox_top av-k5gpql0x-c7a14323282622b0d2ac4826eb6b2b26  avia-builder-el-11  el_after_av_hr  el_before_av_image  main_color'  itemscope=\"itemscope\" itemtype=\"https:\/\/schema.org\/CreativeWork\" ><div class=\"iconbox_content\"><header class=\"entry-content-header\" aria-label=\"Icon: E-Mail\"><div class='iconbox_icon heading-color avia-iconfont avia-font-entypo-fontello' data-av_icon='\ue805' data-av_iconfont='entypo-fontello'  ><\/div><h3 class='iconbox_content_title '  itemprop=\"headline\" >E-Mail<\/h3><\/header><div class='iconbox_content_container '  itemprop=\"text\" ><p><a href=\"mailto:info@kb-hein.de\">info@kb-hein.de<\/a><\/p>\n<\/div><\/div><footer class=\"entry-footer\"><\/footer><\/article><br \/>\n\n<style type=\"text\/css\" data-created_by=\"avia_inline_auto\" id=\"style-css-av-kgbv82dk-dd6a22836c6ac3d95d8f8e99de072b18\">\n.avia-image-container.av-kgbv82dk-dd6a22836c6ac3d95d8f8e99de072b18 img.avia_image{\nbox-shadow:none;\n}\n.avia-image-container.av-kgbv82dk-dd6a22836c6ac3d95d8f8e99de072b18 .av-image-caption-overlay-center{\ncolor:#ffffff;\n}\n<\/style>\n<div  class='avia-image-container av-kgbv82dk-dd6a22836c6ac3d95d8f8e99de072b18 av-styling- avia-align-center  avia-builder-el-12  el_after_av_icon_box  avia-builder-el-last '   itemprop=\"image\" itemscope=\"itemscope\" itemtype=\"https:\/\/schema.org\/ImageObject\" ><div class=\"avia-image-container-inner\"><div class=\"avia-image-overlay-wrap\"><img decoding=\"async\" fetchpriority=\"high\" class='wp-image-4288 avia-img-lazy-loading-not-4288 avia_image ' src=\"https:\/\/www.kb-hein.de\/wp-content\/uploads\/2020\/10\/Iso_Logo-300x300.png\" alt='' title='Iso_Logo'  height=\"300\" width=\"300\"  itemprop=\"thumbnailUrl\" srcset=\"https:\/\/www.kb-hein.de\/wp-content\/uploads\/2020\/10\/Iso_Logo-300x300.png 300w, https:\/\/www.kb-hein.de\/wp-content\/uploads\/2020\/10\/Iso_Logo-80x80.png 80w, https:\/\/www.kb-hein.de\/wp-content\/uploads\/2020\/10\/Iso_Logo-36x36.png 36w, https:\/\/www.kb-hein.de\/wp-content\/uploads\/2020\/10\/Iso_Logo-180x180.png 180w, https:\/\/www.kb-hein.de\/wp-content\/uploads\/2020\/10\/Iso_Logo.png 396w\" sizes=\"(max-width: 300px) 100vw, 300px\" \/><\/div><\/div><\/div><\/p><\/div>\n","protected":false},"excerpt":{"rendered":"","protected":false},"author":1,"featured_media":0,"parent":0,"menu_order":0,"comment_status":"closed","ping_status":"closed","template":"","meta":{"footnotes":""},"class_list":["post-5101","page","type-page","status-publish","hentry"],"yoast_head":"<!-- This site is optimized with the Yoast SEO plugin v27.5 - https:\/\/yoast.com\/product\/yoast-seo-wordpress\/ -->\n<title>Contacto - Datos de Konstruktionsb\u00fcro Hein GmbH - KB Hein<\/title>\n<meta name=\"description\" content=\"\u00a1Estamos a su disposici\u00f3n! Datos de contacto de la ingenier\u00eda Konstruktionsb\u00fcro Hein GmbH. Formulario de contacto, direcci\u00f3n, tel\u00e9fono y correo electr\u00f3nico.\" \/>\n<meta name=\"robots\" content=\"index, follow, max-snippet:-1, max-image-preview:large, max-video-preview:-1\" \/>\n<link rel=\"canonical\" href=\"https:\/\/www.kb-hein.de\/es\/contacto\/\" \/>\n<meta property=\"og:locale\" content=\"es_ES\" \/>\n<meta property=\"og:type\" content=\"article\" \/>\n<meta property=\"og:title\" content=\"Contacto - Datos de Konstruktionsb\u00fcro Hein GmbH - KB Hein\" \/>\n<meta property=\"og:description\" content=\"\u00a1Estamos a su disposici\u00f3n! Datos de contacto de la ingenier\u00eda Konstruktionsb\u00fcro Hein GmbH. Formulario de contacto, direcci\u00f3n, tel\u00e9fono y correo electr\u00f3nico.\" \/>\n<meta property=\"og:url\" content=\"https:\/\/www.kb-hein.de\/es\/contacto\/\" \/>\n<meta property=\"og:site_name\" content=\"KB Hein\" \/>\n<meta property=\"article:modified_time\" content=\"2025-01-24T12:22:31+00:00\" \/>\n<meta name=\"twitter:label1\" content=\"Tiempo de lectura\" \/>\n\t<meta name=\"twitter:data1\" content=\"1 minuto\" \/>\n<script type=\"application\/ld+json\" class=\"yoast-schema-graph\">{\"@context\":\"https:\\\/\\\/schema.org\",\"@graph\":[{\"@type\":\"WebPage\",\"@id\":\"https:\\\/\\\/www.kb-hein.de\\\/es\\\/contacto\\\/\",\"url\":\"https:\\\/\\\/www.kb-hein.de\\\/es\\\/contacto\\\/\",\"name\":\"Contacto - Datos de Konstruktionsb\u00fcro Hein GmbH - KB Hein\",\"isPartOf\":{\"@id\":\"https:\\\/\\\/www.kb-hein.de\\\/#website\"},\"datePublished\":\"2021-03-20T19:46:51+00:00\",\"dateModified\":\"2025-01-24T12:22:31+00:00\",\"description\":\"\u00a1Estamos a su disposici\u00f3n! Datos de contacto de la ingenier\u00eda Konstruktionsb\u00fcro Hein GmbH. Formulario de contacto, direcci\u00f3n, tel\u00e9fono y correo electr\u00f3nico.\",\"breadcrumb\":{\"@id\":\"https:\\\/\\\/www.kb-hein.de\\\/es\\\/contacto\\\/#breadcrumb\"},\"inLanguage\":\"es\",\"potentialAction\":[{\"@type\":\"ReadAction\",\"target\":[\"https:\\\/\\\/www.kb-hein.de\\\/es\\\/contacto\\\/\"]}]},{\"@type\":\"BreadcrumbList\",\"@id\":\"https:\\\/\\\/www.kb-hein.de\\\/es\\\/contacto\\\/#breadcrumb\",\"itemListElement\":[{\"@type\":\"ListItem\",\"position\":1,\"name\":\"Startseite\",\"item\":\"https:\\\/\\\/www.kb-hein.de\\\/startseite-konstruktionsbuero-hein-gmbh\\\/\"},{\"@type\":\"ListItem\",\"position\":2,\"name\":\"Contacto\"}]},{\"@type\":\"WebSite\",\"@id\":\"https:\\\/\\\/www.kb-hein.de\\\/#website\",\"url\":\"https:\\\/\\\/www.kb-hein.de\\\/\",\"name\":\"KB Hein\",\"description\":\"\",\"publisher\":{\"@id\":\"https:\\\/\\\/www.kb-hein.de\\\/#organization\"},\"potentialAction\":[{\"@type\":\"SearchAction\",\"target\":{\"@type\":\"EntryPoint\",\"urlTemplate\":\"https:\\\/\\\/www.kb-hein.de\\\/?s={search_term_string}\"},\"query-input\":{\"@type\":\"PropertyValueSpecification\",\"valueRequired\":true,\"valueName\":\"search_term_string\"}}],\"inLanguage\":\"es\"},{\"@type\":\"Organization\",\"@id\":\"https:\\\/\\\/www.kb-hein.de\\\/#organization\",\"name\":\"Konstruktionsb\u00fcro Hein GmbH\",\"url\":\"https:\\\/\\\/www.kb-hein.de\\\/\",\"logo\":{\"@type\":\"ImageObject\",\"inLanguage\":\"es\",\"@id\":\"https:\\\/\\\/www.kb-hein.de\\\/#\\\/schema\\\/logo\\\/image\\\/\",\"url\":\"https:\\\/\\\/www.kb-hein.de\\\/wp-content\\\/uploads\\\/2020\\\/07\\\/Logo_KB-Hein.jpg\",\"contentUrl\":\"https:\\\/\\\/www.kb-hein.de\\\/wp-content\\\/uploads\\\/2020\\\/07\\\/Logo_KB-Hein.jpg\",\"width\":900,\"height\":900,\"caption\":\"Konstruktionsb\u00fcro Hein GmbH\"},\"image\":{\"@id\":\"https:\\\/\\\/www.kb-hein.de\\\/#\\\/schema\\\/logo\\\/image\\\/\"}}]}<\/script>\n<!-- \/ Yoast SEO plugin. -->","yoast_head_json":{"title":"Contacto - Datos de Konstruktionsb\u00fcro Hein GmbH - KB Hein","description":"\u00a1Estamos a su disposici\u00f3n! Datos de contacto de la ingenier\u00eda Konstruktionsb\u00fcro Hein GmbH. Formulario de contacto, direcci\u00f3n, tel\u00e9fono y correo electr\u00f3nico.","robots":{"index":"index","follow":"follow","max-snippet":"max-snippet:-1","max-image-preview":"max-image-preview:large","max-video-preview":"max-video-preview:-1"},"canonical":"https:\/\/www.kb-hein.de\/es\/contacto\/","og_locale":"es_ES","og_type":"article","og_title":"Contacto - Datos de Konstruktionsb\u00fcro Hein GmbH - KB Hein","og_description":"\u00a1Estamos a su disposici\u00f3n! Datos de contacto de la ingenier\u00eda Konstruktionsb\u00fcro Hein GmbH. Formulario de contacto, direcci\u00f3n, tel\u00e9fono y correo electr\u00f3nico.","og_url":"https:\/\/www.kb-hein.de\/es\/contacto\/","og_site_name":"KB Hein","article_modified_time":"2025-01-24T12:22:31+00:00","twitter_misc":{"Tiempo de lectura":"1 minuto"},"schema":{"@context":"https:\/\/schema.org","@graph":[{"@type":"WebPage","@id":"https:\/\/www.kb-hein.de\/es\/contacto\/","url":"https:\/\/www.kb-hein.de\/es\/contacto\/","name":"Contacto - Datos de Konstruktionsb\u00fcro Hein GmbH - KB Hein","isPartOf":{"@id":"https:\/\/www.kb-hein.de\/#website"},"datePublished":"2021-03-20T19:46:51+00:00","dateModified":"2025-01-24T12:22:31+00:00","description":"\u00a1Estamos a su disposici\u00f3n! Datos de contacto de la ingenier\u00eda Konstruktionsb\u00fcro Hein GmbH. Formulario de contacto, direcci\u00f3n, tel\u00e9fono y correo electr\u00f3nico.","breadcrumb":{"@id":"https:\/\/www.kb-hein.de\/es\/contacto\/#breadcrumb"},"inLanguage":"es","potentialAction":[{"@type":"ReadAction","target":["https:\/\/www.kb-hein.de\/es\/contacto\/"]}]},{"@type":"BreadcrumbList","@id":"https:\/\/www.kb-hein.de\/es\/contacto\/#breadcrumb","itemListElement":[{"@type":"ListItem","position":1,"name":"Startseite","item":"https:\/\/www.kb-hein.de\/startseite-konstruktionsbuero-hein-gmbh\/"},{"@type":"ListItem","position":2,"name":"Contacto"}]},{"@type":"WebSite","@id":"https:\/\/www.kb-hein.de\/#website","url":"https:\/\/www.kb-hein.de\/","name":"KB Hein","description":"","publisher":{"@id":"https:\/\/www.kb-hein.de\/#organization"},"potentialAction":[{"@type":"SearchAction","target":{"@type":"EntryPoint","urlTemplate":"https:\/\/www.kb-hein.de\/?s={search_term_string}"},"query-input":{"@type":"PropertyValueSpecification","valueRequired":true,"valueName":"search_term_string"}}],"inLanguage":"es"},{"@type":"Organization","@id":"https:\/\/www.kb-hein.de\/#organization","name":"Konstruktionsb\u00fcro Hein GmbH","url":"https:\/\/www.kb-hein.de\/","logo":{"@type":"ImageObject","inLanguage":"es","@id":"https:\/\/www.kb-hein.de\/#\/schema\/logo\/image\/","url":"https:\/\/www.kb-hein.de\/wp-content\/uploads\/2020\/07\/Logo_KB-Hein.jpg","contentUrl":"https:\/\/www.kb-hein.de\/wp-content\/uploads\/2020\/07\/Logo_KB-Hein.jpg","width":900,"height":900,"caption":"Konstruktionsb\u00fcro Hein GmbH"},"image":{"@id":"https:\/\/www.kb-hein.de\/#\/schema\/logo\/image\/"}}]}},"_links":{"self":[{"href":"https:\/\/www.kb-hein.de\/es\/wp-json\/wp\/v2\/pages\/5101","targetHints":{"allow":["GET"]}}],"collection":[{"href":"https:\/\/www.kb-hein.de\/es\/wp-json\/wp\/v2\/pages"}],"about":[{"href":"https:\/\/www.kb-hein.de\/es\/wp-json\/wp\/v2\/types\/page"}],"author":[{"embeddable":true,"href":"https:\/\/www.kb-hein.de\/es\/wp-json\/wp\/v2\/users\/1"}],"replies":[{"embeddable":true,"href":"https:\/\/www.kb-hein.de\/es\/wp-json\/wp\/v2\/comments?post=5101"}],"version-history":[{"count":7,"href":"https:\/\/www.kb-hein.de\/es\/wp-json\/wp\/v2\/pages\/5101\/revisions"}],"predecessor-version":[{"id":10966,"href":"https:\/\/www.kb-hein.de\/es\/wp-json\/wp\/v2\/pages\/5101\/revisions\/10966"}],"wp:attachment":[{"href":"https:\/\/www.kb-hein.de\/es\/wp-json\/wp\/v2\/media?parent=5101"}],"curies":[{"name":"wp","href":"https:\/\/api.w.org\/{rel}","templated":true}]}}