{"id":5109,"date":"2021-03-20T21:02:08","date_gmt":"2021-03-20T20:02:08","guid":{"rendered":"https:\/\/www.kb-hein.de\/noticias\/"},"modified":"2021-04-18T10:09:54","modified_gmt":"2021-04-18T08:09:54","slug":"noticias","status":"publish","type":"page","link":"https:\/\/www.kb-hein.de\/es\/noticias\/","title":{"rendered":"Noticias"},"content":{"rendered":"<div id='av-layout-grid-1'  class='av-layout-grid-container av-av_layout_row-b72d3e64b03e5db2f08ca71b0154ac6f entry-content-wrapper main_color av-flex-cells  avia-builder-el-0  avia-builder-el-no-sibling   container_wrap fullsize'  >\n<div class='flex_cell av-av_cell_one_full-9049ca77cd381b8eb45853defb5676d4 av-gridrow-cell av_one_full no_margin  avia-builder-el-1  avia-builder-el-no-sibling '  ><div class='flex_cell_inner'>\n<style type=\"text\/css\" data-created_by=\"avia_inline_auto\" id=\"style-css-av-avucf-a69357f687cb8680c421dd302773d760\">\n.flex_column.av-avucf-a69357f687cb8680c421dd302773d760{\nborder-radius:0px 0px 0px 0px;\npadding:0px 0px 0px 0px;\n}\n<\/style>\n<div  class='flex_column av-avucf-a69357f687cb8680c421dd302773d760 av_one_full  avia-builder-el-2  avia-builder-el-no-sibling  first flex_column_div av-zero-column-padding  '     ><div  class='av-alb-blogposts template-blog  av-blog-meta-html-info-disabled av-blog-meta-tag-disabled '  itemscope=\"itemscope\" itemtype=\"https:\/\/schema.org\/Blog\" ><article class=\"post-entry post-entry-type-standard post-entry-5982 post-loop-1 post-parity-odd single-big  post-5982 post type-post status-publish format-standard hentry category-noticias\"  itemscope=\"itemscope\" itemtype=\"https:\/\/schema.org\/BlogPosting\" ><div class=\"blog-meta\"><\/div><div class='entry-content-wrapper clearfix standard-content'><header class=\"entry-content-header\" aria-label=\"Post: Sostenible &#8211; eficiente energ\u00e9ticamente &#8211; automatizado\"><div class=\"av-heading-wrapper\"><span class=\"blog-categories minor-meta\"><a href=\"https:\/\/www.kb-hein.de\/es\/category\/noticias\/\" rel=\"tag\">Noticias<\/a><\/span><h2 class='post-title entry-title '  itemprop=\"headline\" ><a href=\"https:\/\/www.kb-hein.de\/es\/sostenible-eficiente-energeticamente-automatizado\/\" rel=\"bookmark\" title=\"Enlace permanente: Sostenible &#8211; eficiente energ\u00e9ticamente &#8211; automatizado\">Sostenible &#8211; eficiente energ\u00e9ticamente &#8211; automatizado<span class=\"post-format-icon minor-meta\"><\/span><\/a><\/h2><\/div><\/header><span class=\"av-vertical-delimiter\"><\/span><div class=\"entry-content\"  itemprop=\"text\" ><p>\u00bfHabr\u00edas esperado que ocurriera tan r\u00e1pido? Algunos ni siquiera est\u00e1n seguros de que estemos exagerando con las nuevas orientaciones en materia de sostenibilidad, eficiencia energ\u00e9tica y clima, otros ya est\u00e1n reclamando emisiones 0. Si se observan los estudios cient\u00edficos, la respuesta es clara: hemos actuado demasiado tarde y de forma poco coherente en la direcci\u00f3n de la sostenibilidad, y en algunos \u00e1mbitos s\u00f3lo podemos limitar los da\u00f1os, pero ya no evitarlos por completo. Se han puesto en marcha los primeros cambios, pero tambi\u00e9n este es un proceso que requiere un flujo sensato y constante. <a href=\"https:\/\/www.kb-hein.de\/es\/sostenible-eficiente-energeticamente-automatizado\/\" class=\"more-link\">Leer m\u00e1s<span class='more-link-arrow avia-svg-icon avia-font-svg_entypo-fontello' data-av_svg_icon='right-open-big' data-av_iconset='svg_entypo-fontello'><svg version=\"1.1\" xmlns=\"http:\/\/www.w3.org\/2000\/svg\" width=\"15\" height=\"32\" viewBox=\"0 0 15 32\" preserveAspectRatio=\"xMidYMid meet\" role=\"graphics-symbol\" aria-hidden=\"true\">\n<path d=\"M0.416 27.84l11.456-11.84-11.456-11.904q-0.832-0.832 0-1.536 0.832-0.832 1.536 0l12.544 12.608q0.768 0.832 0 1.6l-12.544 12.608q-0.704 0.832-1.536 0-0.832-0.704 0-1.536z\"><\/path>\n<\/svg><\/span><\/a><\/p>\n<\/div><span class=\"post-meta-infos\"><time class=\"date-container minor-meta updated\"  itemprop=\"datePublished\" datetime=\"2021-03-23T14:41:56+01:00\" >23 de marzo de 2021<\/time><span class=\"text-sep\">\/<\/span><span class=\"comment-container minor-meta\"><a href=\"https:\/\/www.kb-hein.de\/es\/sostenible-eficiente-energeticamente-automatizado\/#respond\" class=\"comments-link\" >0 Comentarios<\/a><\/span><span class=\"text-sep\">\/<\/span><span class=\"blog-author minor-meta\">por <span class=\"entry-author-link\"  itemprop=\"author\" ><span class=\"author\"><span class=\"fn\"><a href=\"https:\/\/www.kb-hein.de\/es\/author\/kb-hein\/\" title=\"Entradas de kb-hein\" rel=\"author\">kb-hein<\/a><\/span><\/span><\/span><\/span><\/span><footer class=\"entry-footer\"><\/footer><div class='post_delimiter'><\/div><\/div><div class=\"post_author_timeline\"><\/div><span class='hidden'>\n\t\t\t\t<span class='av-structured-data'  itemprop=\"image\" itemscope=\"itemscope\" itemtype=\"https:\/\/schema.org\/ImageObject\" >\n\t\t\t\t\t\t<span itemprop='url'>https:\/\/www.kb-hein.de\/wp-content\/uploads\/2020\/04\/kb-hein-logo-schwarz-300x129.png<\/span>\n\t\t\t\t\t\t<span itemprop='height'>0<\/span>\n\t\t\t\t\t\t<span itemprop='width'>0<\/span>\n\t\t\t\t<\/span>\n\t\t\t\t<span class='av-structured-data'  itemprop=\"publisher\" itemtype=\"https:\/\/schema.org\/Organization\" itemscope=\"itemscope\" >\n\t\t\t\t\t\t<span itemprop='name'>kb-hein<\/span>\n\t\t\t\t\t\t<span itemprop='logo' itemscope itemtype='https:\/\/schema.org\/ImageObject'>\n\t\t\t\t\t\t\t<span itemprop='url'>https:\/\/www.kb-hein.de\/wp-content\/uploads\/2020\/04\/kb-hein-logo-schwarz-300x129.png<\/span>\n\t\t\t\t\t\t<\/span>\n\t\t\t\t<\/span><span class='av-structured-data'  itemprop=\"author\" itemscope=\"itemscope\" itemtype=\"https:\/\/schema.org\/Person\" ><span itemprop='name'>kb-hein<\/span><\/span><span class='av-structured-data'  itemprop=\"datePublished\" datetime=\"2021-03-23T14:41:56+01:00\" >2021-03-23 14:41:56<\/span><span class='av-structured-data'  itemprop=\"dateModified\" itemtype=\"https:\/\/schema.org\/dateModified\" >2021-03-23 14:41:56<\/span><span class='av-structured-data'  itemprop=\"mainEntityOfPage\" itemtype=\"https:\/\/schema.org\/mainEntityOfPage\" ><span itemprop='name'>Sostenible &#8211; eficiente energ\u00e9ticamente &#8211; automatizado<\/span><\/span><\/span><\/article><article class=\"post-entry post-entry-type-standard post-entry-5979 post-loop-2 post-parity-even single-big  post-5979 post type-post status-publish format-standard hentry category-noticias\"  itemscope=\"itemscope\" itemtype=\"https:\/\/schema.org\/BlogPosting\" ><div class=\"blog-meta\"><\/div><div class='entry-content-wrapper clearfix standard-content'><header class=\"entry-content-header\" aria-label=\"Post: Centrarse en la sostenibilidad y la automatizaci\u00f3n\"><div class=\"av-heading-wrapper\"><span class=\"blog-categories minor-meta\"><a href=\"https:\/\/www.kb-hein.de\/es\/category\/noticias\/\" rel=\"tag\">Noticias<\/a><\/span><h2 class='post-title entry-title '  itemprop=\"headline\" ><a href=\"https:\/\/www.kb-hein.de\/es\/centrarse-en-la-sostenibilidad-y-la-automatizacion\/\" rel=\"bookmark\" title=\"Enlace permanente: Centrarse en la sostenibilidad y la automatizaci\u00f3n\">Centrarse en la sostenibilidad y la automatizaci\u00f3n<span class=\"post-format-icon minor-meta\"><\/span><\/a><\/h2><\/div><\/header><span class=\"av-vertical-delimiter\"><\/span><div class=\"entry-content\"  itemprop=\"text\" ><p>El virus Corona pone de manifiesto lo r\u00e1pido que pueden peligrar las bases de la vida humana. Resulta a\u00fan m\u00e1s incomprensible que nosotros mismos a\u00fan no hayamos cambiado nuestro comportamiento de consumo y, por ejemplo, de producci\u00f3n hacia la sostenibilidad.<br \/>\n <a href=\"https:\/\/www.kb-hein.de\/es\/centrarse-en-la-sostenibilidad-y-la-automatizacion\/\" class=\"more-link\">Leer m\u00e1s<span class='more-link-arrow avia-svg-icon avia-font-svg_entypo-fontello' data-av_svg_icon='right-open-big' data-av_iconset='svg_entypo-fontello'><svg version=\"1.1\" xmlns=\"http:\/\/www.w3.org\/2000\/svg\" width=\"15\" height=\"32\" viewBox=\"0 0 15 32\" preserveAspectRatio=\"xMidYMid meet\" role=\"graphics-symbol\" aria-hidden=\"true\">\n<path d=\"M0.416 27.84l11.456-11.84-11.456-11.904q-0.832-0.832 0-1.536 0.832-0.832 1.536 0l12.544 12.608q0.768 0.832 0 1.6l-12.544 12.608q-0.704 0.832-1.536 0-0.832-0.704 0-1.536z\"><\/path>\n<\/svg><\/span><\/a><\/p>\n<\/div><span class=\"post-meta-infos\"><time class=\"date-container minor-meta updated\"  itemprop=\"datePublished\" datetime=\"2021-03-23T14:40:10+01:00\" >23 de marzo de 2021<\/time><span class=\"text-sep\">\/<\/span><span class=\"blog-author minor-meta\">por <span class=\"entry-author-link\"  itemprop=\"author\" ><span class=\"author\"><span class=\"fn\"><a href=\"https:\/\/www.kb-hein.de\/es\/author\/kb-hein\/\" title=\"Entradas de kb-hein\" rel=\"author\">kb-hein<\/a><\/span><\/span><\/span><\/span><\/span><footer class=\"entry-footer\"><\/footer><div class='post_delimiter'><\/div><\/div><div class=\"post_author_timeline\"><\/div><span class='hidden'>\n\t\t\t\t<span class='av-structured-data'  itemprop=\"image\" itemscope=\"itemscope\" itemtype=\"https:\/\/schema.org\/ImageObject\" >\n\t\t\t\t\t\t<span itemprop='url'>https:\/\/www.kb-hein.de\/wp-content\/uploads\/2020\/04\/kb-hein-logo-schwarz-300x129.png<\/span>\n\t\t\t\t\t\t<span itemprop='height'>0<\/span>\n\t\t\t\t\t\t<span itemprop='width'>0<\/span>\n\t\t\t\t<\/span>\n\t\t\t\t<span class='av-structured-data'  itemprop=\"publisher\" itemtype=\"https:\/\/schema.org\/Organization\" itemscope=\"itemscope\" >\n\t\t\t\t\t\t<span itemprop='name'>kb-hein<\/span>\n\t\t\t\t\t\t<span itemprop='logo' itemscope itemtype='https:\/\/schema.org\/ImageObject'>\n\t\t\t\t\t\t\t<span itemprop='url'>https:\/\/www.kb-hein.de\/wp-content\/uploads\/2020\/04\/kb-hein-logo-schwarz-300x129.png<\/span>\n\t\t\t\t\t\t<\/span>\n\t\t\t\t<\/span><span class='av-structured-data'  itemprop=\"author\" itemscope=\"itemscope\" itemtype=\"https:\/\/schema.org\/Person\" ><span itemprop='name'>kb-hein<\/span><\/span><span class='av-structured-data'  itemprop=\"datePublished\" datetime=\"2021-03-23T14:40:10+01:00\" >2021-03-23 14:40:10<\/span><span class='av-structured-data'  itemprop=\"dateModified\" itemtype=\"https:\/\/schema.org\/dateModified\" >2021-03-23 14:41:23<\/span><span class='av-structured-data'  itemprop=\"mainEntityOfPage\" itemtype=\"https:\/\/schema.org\/mainEntityOfPage\" ><span itemprop='name'>Centrarse en la sostenibilidad y la automatizaci\u00f3n<\/span><\/span><\/span><\/article><article class=\"post-entry post-entry-type-standard post-entry-5978 post-loop-3 post-parity-odd post-entry-last single-big  post-5978 post type-post status-publish format-standard hentry category-noticias\"  itemscope=\"itemscope\" itemtype=\"https:\/\/schema.org\/BlogPosting\" ><div class=\"blog-meta\"><\/div><div class='entry-content-wrapper clearfix standard-content'><header class=\"entry-content-header\" aria-label=\"Post: La sostenibilidad y la automatizaci\u00f3n como principios rectores\"><div class=\"av-heading-wrapper\"><span class=\"blog-categories minor-meta\"><a href=\"https:\/\/www.kb-hein.de\/es\/category\/noticias\/\" rel=\"tag\">Noticias<\/a><\/span><h2 class='post-title entry-title '  itemprop=\"headline\" ><a href=\"https:\/\/www.kb-hein.de\/es\/la-sostenibilidad-y-la-automatizacion-como-principios-rectores\/\" rel=\"bookmark\" title=\"Enlace permanente: La sostenibilidad y la automatizaci\u00f3n como principios rectores\">La sostenibilidad y la automatizaci\u00f3n como principios rectores<span class=\"post-format-icon minor-meta\"><\/span><\/a><\/h2><\/div><\/header><span class=\"av-vertical-delimiter\"><\/span><div class=\"entry-content\"  itemprop=\"text\" ><h2>\u00bfHabr\u00edas esperado que ocurriera tan r\u00e1pido?<\/h2>\n<p>Todo el mercado est\u00e1 experimentando una transformaci\u00f3n para cumplir los requisitos de sostenibilidad y automatizaci\u00f3n. Si quiere introducir en el mercado productos preparados para el futuro, a partir de ahora tendr\u00e1 que alinearlos primero con estos requisitos.<\/p>\n<p> <a href=\"https:\/\/www.kb-hein.de\/es\/la-sostenibilidad-y-la-automatizacion-como-principios-rectores\/\" class=\"more-link\">Leer m\u00e1s<span class='more-link-arrow avia-svg-icon avia-font-svg_entypo-fontello' data-av_svg_icon='right-open-big' data-av_iconset='svg_entypo-fontello'><svg version=\"1.1\" xmlns=\"http:\/\/www.w3.org\/2000\/svg\" width=\"15\" height=\"32\" viewBox=\"0 0 15 32\" preserveAspectRatio=\"xMidYMid meet\" role=\"graphics-symbol\" aria-hidden=\"true\">\n<path d=\"M0.416 27.84l11.456-11.84-11.456-11.904q-0.832-0.832 0-1.536 0.832-0.832 1.536 0l12.544 12.608q0.768 0.832 0 1.6l-12.544 12.608q-0.704 0.832-1.536 0-0.832-0.704 0-1.536z\"><\/path>\n<\/svg><\/span><\/a><\/p>\n<\/div><span class=\"post-meta-infos\"><time class=\"date-container minor-meta updated\"  itemprop=\"datePublished\" datetime=\"2021-03-23T14:31:45+01:00\" >23 de marzo de 2021<\/time><span class=\"text-sep\">\/<\/span><span class=\"blog-author minor-meta\">por <span class=\"entry-author-link\"  itemprop=\"author\" ><span class=\"author\"><span class=\"fn\"><a href=\"https:\/\/www.kb-hein.de\/es\/author\/kb-hein\/\" title=\"Entradas de kb-hein\" rel=\"author\">kb-hein<\/a><\/span><\/span><\/span><\/span><\/span><footer class=\"entry-footer\"><\/footer><div class='post_delimiter'><\/div><\/div><div class=\"post_author_timeline\"><\/div><span class='hidden'>\n\t\t\t\t<span class='av-structured-data'  itemprop=\"image\" itemscope=\"itemscope\" itemtype=\"https:\/\/schema.org\/ImageObject\" >\n\t\t\t\t\t\t<span itemprop='url'>https:\/\/www.kb-hein.de\/wp-content\/uploads\/2020\/04\/kb-hein-logo-schwarz-300x129.png<\/span>\n\t\t\t\t\t\t<span itemprop='height'>0<\/span>\n\t\t\t\t\t\t<span itemprop='width'>0<\/span>\n\t\t\t\t<\/span>\n\t\t\t\t<span class='av-structured-data'  itemprop=\"publisher\" itemtype=\"https:\/\/schema.org\/Organization\" itemscope=\"itemscope\" >\n\t\t\t\t\t\t<span itemprop='name'>kb-hein<\/span>\n\t\t\t\t\t\t<span itemprop='logo' itemscope itemtype='https:\/\/schema.org\/ImageObject'>\n\t\t\t\t\t\t\t<span itemprop='url'>https:\/\/www.kb-hein.de\/wp-content\/uploads\/2020\/04\/kb-hein-logo-schwarz-300x129.png<\/span>\n\t\t\t\t\t\t<\/span>\n\t\t\t\t<\/span><span class='av-structured-data'  itemprop=\"author\" itemscope=\"itemscope\" itemtype=\"https:\/\/schema.org\/Person\" ><span itemprop='name'>kb-hein<\/span><\/span><span class='av-structured-data'  itemprop=\"datePublished\" datetime=\"2021-03-23T14:31:45+01:00\" >2021-03-23 14:31:45<\/span><span class='av-structured-data'  itemprop=\"dateModified\" itemtype=\"https:\/\/schema.org\/dateModified\" >2021-03-23 14:31:45<\/span><span class='av-structured-data'  itemprop=\"mainEntityOfPage\" itemtype=\"https:\/\/schema.org\/mainEntityOfPage\" ><span itemprop='name'>La sostenibilidad y la automatizaci\u00f3n como principios rectores<\/span><\/span><\/span><\/article><div class='single-big'><\/div><\/div><\/div>\n<\/div><\/div><\/div>\n","protected":false},"excerpt":{"rendered":"","protected":false},"author":1,"featured_media":0,"parent":0,"menu_order":0,"comment_status":"closed","ping_status":"closed","template":"","meta":{"footnotes":""},"class_list":["post-5109","page","type-page","status-publish","hentry"],"yoast_head":"<!-- This site is optimized with the Yoast SEO plugin v27.4 - https:\/\/yoast.com\/product\/yoast-seo-wordpress\/ -->\n<title>Noticias \/ Noticias de la ingenier\u00eda Konstruktionsb\u00fcro Hein - KB Hein<\/title>\n<meta name=\"description\" content=\"Noticias sobre la ingenier\u00eda Konstruktionsb\u00fcro Hein. Fechas de ferias, seminarios, art\u00edculos de peri\u00f3dicos y mucho m\u00e1s. Mant\u00e9ngase al d\u00eda \u2013 Noticias\" \/>\n<meta name=\"robots\" content=\"index, follow, max-snippet:-1, max-image-preview:large, max-video-preview:-1\" \/>\n<link rel=\"canonical\" href=\"https:\/\/www.kb-hein.de\/es\/noticias\/\" \/>\n<meta property=\"og:locale\" content=\"es_ES\" \/>\n<meta property=\"og:type\" content=\"article\" \/>\n<meta property=\"og:title\" content=\"Noticias \/ Noticias de la ingenier\u00eda Konstruktionsb\u00fcro Hein - KB Hein\" \/>\n<meta property=\"og:description\" content=\"Noticias sobre la ingenier\u00eda Konstruktionsb\u00fcro Hein. Fechas de ferias, seminarios, art\u00edculos de peri\u00f3dicos y mucho m\u00e1s. Mant\u00e9ngase al d\u00eda \u2013 Noticias\" \/>\n<meta property=\"og:url\" content=\"https:\/\/www.kb-hein.de\/es\/noticias\/\" \/>\n<meta property=\"og:site_name\" content=\"KB Hein\" \/>\n<meta property=\"article:modified_time\" content=\"2021-04-18T08:09:54+00:00\" \/>\n<meta name=\"twitter:label1\" content=\"Tiempo de lectura\" \/>\n\t<meta name=\"twitter:data1\" content=\"1 minuto\" \/>\n<script type=\"application\/ld+json\" class=\"yoast-schema-graph\">{\"@context\":\"https:\\\/\\\/schema.org\",\"@graph\":[{\"@type\":\"WebPage\",\"@id\":\"https:\\\/\\\/www.kb-hein.de\\\/es\\\/noticias\\\/\",\"url\":\"https:\\\/\\\/www.kb-hein.de\\\/es\\\/noticias\\\/\",\"name\":\"Noticias \\\/ Noticias de la ingenier\u00eda Konstruktionsb\u00fcro Hein - KB Hein\",\"isPartOf\":{\"@id\":\"https:\\\/\\\/www.kb-hein.de\\\/#website\"},\"datePublished\":\"2021-03-20T20:02:08+00:00\",\"dateModified\":\"2021-04-18T08:09:54+00:00\",\"description\":\"Noticias sobre la ingenier\u00eda Konstruktionsb\u00fcro Hein. Fechas de ferias, seminarios, art\u00edculos de peri\u00f3dicos y mucho m\u00e1s. Mant\u00e9ngase al d\u00eda \u2013 Noticias\",\"breadcrumb\":{\"@id\":\"https:\\\/\\\/www.kb-hein.de\\\/es\\\/noticias\\\/#breadcrumb\"},\"inLanguage\":\"es\",\"potentialAction\":[{\"@type\":\"ReadAction\",\"target\":[\"https:\\\/\\\/www.kb-hein.de\\\/es\\\/noticias\\\/\"]}]},{\"@type\":\"BreadcrumbList\",\"@id\":\"https:\\\/\\\/www.kb-hein.de\\\/es\\\/noticias\\\/#breadcrumb\",\"itemListElement\":[{\"@type\":\"ListItem\",\"position\":1,\"name\":\"Startseite\",\"item\":\"https:\\\/\\\/www.kb-hein.de\\\/startseite-konstruktionsbuero-hein-gmbh\\\/\"},{\"@type\":\"ListItem\",\"position\":2,\"name\":\"Noticias\"}]},{\"@type\":\"WebSite\",\"@id\":\"https:\\\/\\\/www.kb-hein.de\\\/#website\",\"url\":\"https:\\\/\\\/www.kb-hein.de\\\/\",\"name\":\"KB Hein\",\"description\":\"\",\"publisher\":{\"@id\":\"https:\\\/\\\/www.kb-hein.de\\\/#organization\"},\"potentialAction\":[{\"@type\":\"SearchAction\",\"target\":{\"@type\":\"EntryPoint\",\"urlTemplate\":\"https:\\\/\\\/www.kb-hein.de\\\/?s={search_term_string}\"},\"query-input\":{\"@type\":\"PropertyValueSpecification\",\"valueRequired\":true,\"valueName\":\"search_term_string\"}}],\"inLanguage\":\"es\"},{\"@type\":\"Organization\",\"@id\":\"https:\\\/\\\/www.kb-hein.de\\\/#organization\",\"name\":\"Konstruktionsb\u00fcro Hein GmbH\",\"url\":\"https:\\\/\\\/www.kb-hein.de\\\/\",\"logo\":{\"@type\":\"ImageObject\",\"inLanguage\":\"es\",\"@id\":\"https:\\\/\\\/www.kb-hein.de\\\/#\\\/schema\\\/logo\\\/image\\\/\",\"url\":\"https:\\\/\\\/www.kb-hein.de\\\/wp-content\\\/uploads\\\/2020\\\/07\\\/Logo_KB-Hein.jpg\",\"contentUrl\":\"https:\\\/\\\/www.kb-hein.de\\\/wp-content\\\/uploads\\\/2020\\\/07\\\/Logo_KB-Hein.jpg\",\"width\":900,\"height\":900,\"caption\":\"Konstruktionsb\u00fcro Hein GmbH\"},\"image\":{\"@id\":\"https:\\\/\\\/www.kb-hein.de\\\/#\\\/schema\\\/logo\\\/image\\\/\"}}]}<\/script>\n<!-- \/ Yoast SEO plugin. -->","yoast_head_json":{"title":"Noticias \/ Noticias de la ingenier\u00eda Konstruktionsb\u00fcro Hein - KB Hein","description":"Noticias sobre la ingenier\u00eda Konstruktionsb\u00fcro Hein. Fechas de ferias, seminarios, art\u00edculos de peri\u00f3dicos y mucho m\u00e1s. Mant\u00e9ngase al d\u00eda \u2013 Noticias","robots":{"index":"index","follow":"follow","max-snippet":"max-snippet:-1","max-image-preview":"max-image-preview:large","max-video-preview":"max-video-preview:-1"},"canonical":"https:\/\/www.kb-hein.de\/es\/noticias\/","og_locale":"es_ES","og_type":"article","og_title":"Noticias \/ Noticias de la ingenier\u00eda Konstruktionsb\u00fcro Hein - KB Hein","og_description":"Noticias sobre la ingenier\u00eda Konstruktionsb\u00fcro Hein. Fechas de ferias, seminarios, art\u00edculos de peri\u00f3dicos y mucho m\u00e1s. Mant\u00e9ngase al d\u00eda \u2013 Noticias","og_url":"https:\/\/www.kb-hein.de\/es\/noticias\/","og_site_name":"KB Hein","article_modified_time":"2021-04-18T08:09:54+00:00","twitter_misc":{"Tiempo de lectura":"1 minuto"},"schema":{"@context":"https:\/\/schema.org","@graph":[{"@type":"WebPage","@id":"https:\/\/www.kb-hein.de\/es\/noticias\/","url":"https:\/\/www.kb-hein.de\/es\/noticias\/","name":"Noticias \/ Noticias de la ingenier\u00eda Konstruktionsb\u00fcro Hein - KB Hein","isPartOf":{"@id":"https:\/\/www.kb-hein.de\/#website"},"datePublished":"2021-03-20T20:02:08+00:00","dateModified":"2021-04-18T08:09:54+00:00","description":"Noticias sobre la ingenier\u00eda Konstruktionsb\u00fcro Hein. Fechas de ferias, seminarios, art\u00edculos de peri\u00f3dicos y mucho m\u00e1s. Mant\u00e9ngase al d\u00eda \u2013 Noticias","breadcrumb":{"@id":"https:\/\/www.kb-hein.de\/es\/noticias\/#breadcrumb"},"inLanguage":"es","potentialAction":[{"@type":"ReadAction","target":["https:\/\/www.kb-hein.de\/es\/noticias\/"]}]},{"@type":"BreadcrumbList","@id":"https:\/\/www.kb-hein.de\/es\/noticias\/#breadcrumb","itemListElement":[{"@type":"ListItem","position":1,"name":"Startseite","item":"https:\/\/www.kb-hein.de\/startseite-konstruktionsbuero-hein-gmbh\/"},{"@type":"ListItem","position":2,"name":"Noticias"}]},{"@type":"WebSite","@id":"https:\/\/www.kb-hein.de\/#website","url":"https:\/\/www.kb-hein.de\/","name":"KB Hein","description":"","publisher":{"@id":"https:\/\/www.kb-hein.de\/#organization"},"potentialAction":[{"@type":"SearchAction","target":{"@type":"EntryPoint","urlTemplate":"https:\/\/www.kb-hein.de\/?s={search_term_string}"},"query-input":{"@type":"PropertyValueSpecification","valueRequired":true,"valueName":"search_term_string"}}],"inLanguage":"es"},{"@type":"Organization","@id":"https:\/\/www.kb-hein.de\/#organization","name":"Konstruktionsb\u00fcro Hein GmbH","url":"https:\/\/www.kb-hein.de\/","logo":{"@type":"ImageObject","inLanguage":"es","@id":"https:\/\/www.kb-hein.de\/#\/schema\/logo\/image\/","url":"https:\/\/www.kb-hein.de\/wp-content\/uploads\/2020\/07\/Logo_KB-Hein.jpg","contentUrl":"https:\/\/www.kb-hein.de\/wp-content\/uploads\/2020\/07\/Logo_KB-Hein.jpg","width":900,"height":900,"caption":"Konstruktionsb\u00fcro Hein GmbH"},"image":{"@id":"https:\/\/www.kb-hein.de\/#\/schema\/logo\/image\/"}}]}},"_links":{"self":[{"href":"https:\/\/www.kb-hein.de\/es\/wp-json\/wp\/v2\/pages\/5109","targetHints":{"allow":["GET"]}}],"collection":[{"href":"https:\/\/www.kb-hein.de\/es\/wp-json\/wp\/v2\/pages"}],"about":[{"href":"https:\/\/www.kb-hein.de\/es\/wp-json\/wp\/v2\/types\/page"}],"author":[{"embeddable":true,"href":"https:\/\/www.kb-hein.de\/es\/wp-json\/wp\/v2\/users\/1"}],"replies":[{"embeddable":true,"href":"https:\/\/www.kb-hein.de\/es\/wp-json\/wp\/v2\/comments?post=5109"}],"version-history":[{"count":3,"href":"https:\/\/www.kb-hein.de\/es\/wp-json\/wp\/v2\/pages\/5109\/revisions"}],"predecessor-version":[{"id":6088,"href":"https:\/\/www.kb-hein.de\/es\/wp-json\/wp\/v2\/pages\/5109\/revisions\/6088"}],"wp:attachment":[{"href":"https:\/\/www.kb-hein.de\/es\/wp-json\/wp\/v2\/media?parent=5109"}],"curies":[{"name":"wp","href":"https:\/\/api.w.org\/{rel}","templated":true}]}}